{"id":4056,"date":"2025-01-09T10:48:20","date_gmt":"2025-01-09T14:48:20","guid":{"rendered":"https:\/\/laspampas.gob.ec\/cotopaxi\/?page_id=4056"},"modified":"2025-05-12T11:17:59","modified_gmt":"2025-05-12T15:17:59","slug":"2025-5","status":"publish","type":"page","link":"https:\/\/laspampas.gob.ec\/cotopaxi\/2025-5\/","title":{"rendered":"2025"},"content":{"rendered":"<p style=\"text-align: center;\"><strong>\u00abReuni\u00f3n para la Conformaci\u00f3n del Equipo de Rendici\u00f3n de Cuentas del periodo 2024\u00bb<\/strong><\/p>\n<p>Fecha: 12 de febrero de 2025<\/p>\n<p><a href=\"https:\/\/laspampas.gob.ec\/cotopaxi\/wp-content\/uploads\/2025\/03\/RES.-SO-N\u00b0-003.pdf\">R. CEC 2024<\/a><\/p>\n<p style=\"text-align: center;\"><strong>\u00abAmpliaci\u00f3n de la v\u00eda principal de la parroquia\u00bb<\/strong><\/p>\n<p>Fecha: 23 de marzo de 2025<\/p>\n<p><img loading=\"lazy\" decoding=\"async\" class=\"alignnone wp-image-4123\" src=\"https:\/\/laspampas.gob.ec\/cotopaxi\/wp-content\/uploads\/2025\/04\/WhatsApp-Image-2025-03-23-at-16.05.20-550x413.jpeg\" alt=\"\" width=\"311\" height=\"234\" srcset=\"https:\/\/laspampas.gob.ec\/cotopaxi\/wp-content\/uploads\/2025\/04\/WhatsApp-Image-2025-03-23-at-16.05.20-550x413.jpeg 550w, https:\/\/laspampas.gob.ec\/cotopaxi\/wp-content\/uploads\/2025\/04\/WhatsApp-Image-2025-03-23-at-16.05.20-1024x768.jpeg 1024w, https:\/\/laspampas.gob.ec\/cotopaxi\/wp-content\/uploads\/2025\/04\/WhatsApp-Image-2025-03-23-at-16.05.20-768x576.jpeg 768w, https:\/\/laspampas.gob.ec\/cotopaxi\/wp-content\/uploads\/2025\/04\/WhatsApp-Image-2025-03-23-at-16.05.20-1536x1152.jpeg 1536w, https:\/\/laspampas.gob.ec\/cotopaxi\/wp-content\/uploads\/2025\/04\/WhatsApp-Image-2025-03-23-at-16.05.20.jpeg 1600w\" sizes=\"auto, (max-width: 311px) 100vw, 311px\" \/> <img loading=\"lazy\" decoding=\"async\" class=\"alignnone wp-image-4124\" src=\"https:\/\/laspampas.gob.ec\/cotopaxi\/wp-content\/uploads\/2025\/04\/WhatsApp-Image-2025-03-22-at-15.49.14-550x309.jpeg\" alt=\"\" width=\"394\" height=\"221\" srcset=\"https:\/\/laspampas.gob.ec\/cotopaxi\/wp-content\/uploads\/2025\/04\/WhatsApp-Image-2025-03-22-at-15.49.14-550x309.jpeg 550w, https:\/\/laspampas.gob.ec\/cotopaxi\/wp-content\/uploads\/2025\/04\/WhatsApp-Image-2025-03-22-at-15.49.14-1024x576.jpeg 1024w, https:\/\/laspampas.gob.ec\/cotopaxi\/wp-content\/uploads\/2025\/04\/WhatsApp-Image-2025-03-22-at-15.49.14-768x432.jpeg 768w, https:\/\/laspampas.gob.ec\/cotopaxi\/wp-content\/uploads\/2025\/04\/WhatsApp-Image-2025-03-22-at-15.49.14.jpeg 1280w\" sizes=\"auto, (max-width: 394px) 100vw, 394px\" \/><\/p>\n<p style=\"text-align: center;\"><strong>\u00abInauguraci\u00f3n del campeonato de Ecuavoley\u00bb<\/strong><\/p>\n<p>Fecha: 06 de abril de 2025<\/p>\n<p><img loading=\"lazy\" decoding=\"async\" class=\"alignnone wp-image-4133\" src=\"https:\/\/laspampas.gob.ec\/cotopaxi\/wp-content\/uploads\/2025\/05\/WhatsApp-Image-2025-04-07-at-13.50.42-550x733.jpeg\" alt=\"\" width=\"229\" height=\"306\" srcset=\"https:\/\/laspampas.gob.ec\/cotopaxi\/wp-content\/uploads\/2025\/05\/WhatsApp-Image-2025-04-07-at-13.50.42-550x733.jpeg 550w, https:\/\/laspampas.gob.ec\/cotopaxi\/wp-content\/uploads\/2025\/05\/WhatsApp-Image-2025-04-07-at-13.50.42-768x1024.jpeg 768w, https:\/\/laspampas.gob.ec\/cotopaxi\/wp-content\/uploads\/2025\/05\/WhatsApp-Image-2025-04-07-at-13.50.42.jpeg 960w\" sizes=\"auto, (max-width: 229px) 100vw, 229px\" \/> <img loading=\"lazy\" decoding=\"async\" class=\"alignnone size-medium wp-image-4134\" src=\"https:\/\/laspampas.gob.ec\/cotopaxi\/wp-content\/uploads\/2025\/05\/489070602_600977336321404_7351544730670257118_n-550x309.jpg\" alt=\"\" width=\"550\" height=\"309\" srcset=\"https:\/\/laspampas.gob.ec\/cotopaxi\/wp-content\/uploads\/2025\/05\/489070602_600977336321404_7351544730670257118_n-550x309.jpg 550w, https:\/\/laspampas.gob.ec\/cotopaxi\/wp-content\/uploads\/2025\/05\/489070602_600977336321404_7351544730670257118_n-1024x576.jpg 1024w, https:\/\/laspampas.gob.ec\/cotopaxi\/wp-content\/uploads\/2025\/05\/489070602_600977336321404_7351544730670257118_n-768x432.jpg 768w, https:\/\/laspampas.gob.ec\/cotopaxi\/wp-content\/uploads\/2025\/05\/489070602_600977336321404_7351544730670257118_n.jpg 1280w\" sizes=\"auto, (max-width: 550px) 100vw, 550px\" \/><\/p>\n<p style=\"text-align: center;\"><strong>\u00abElaboraci\u00f3n de Hoja Ruta y Mapeo de actores sociales para la Rendici\u00f3n de Cuentas del periodo 2024\u00bb<\/strong><\/p>\n<p>Fecha: 07 de mayo de 2025<\/p>\n<p><a href=\"https:\/\/laspampas.gob.ec\/cotopaxi\/wp-content\/uploads\/2025\/05\/54233612.pdf\">Acta_Hoja_ruta_y_mapeo_de_actores<\/a><\/p>\n","protected":false},"excerpt":{"rendered":"<p>\u00abReuni\u00f3n para la Conformaci\u00f3n del Equipo de Rendici\u00f3n de Cuentas del periodo 2024\u00bb Fecha: 12 de febrero de 2025 R. CEC 2024 \u00abAmpliaci\u00f3n de la v\u00eda principal de la parroquia\u00bb Fecha: 23 de marzo de 2025 \u00abInauguraci\u00f3n del campeonato de Ecuavoley\u00bb Fecha: 06 de abril de 2025 \u00abElaboraci\u00f3n de Hoja Ruta y Mapeo de actores [&hellip;]<\/p>\n","protected":false},"author":2,"featured_media":0,"parent":0,"menu_order":0,"comment_status":"closed","ping_status":"closed","template":"","meta":{"footnotes":""},"class_list":["post-4056","page","type-page","status-publish","hentry"],"yoast_head":"<!-- This site is optimized with the Yoast SEO plugin v24.2 - https:\/\/yoast.com\/wordpress\/plugins\/seo\/ -->\n<title>2025 - GAD parroquial Las Pampas<\/title>\n<meta name=\"robots\" content=\"index, follow, max-snippet:-1, max-image-preview:large, max-video-preview:-1\" \/>\n<link rel=\"canonical\" href=\"https:\/\/laspampas.gob.ec\/cotopaxi\/2025-5\/\" \/>\n<meta property=\"og:locale\" content=\"es_ES\" \/>\n<meta property=\"og:type\" content=\"article\" \/>\n<meta property=\"og:title\" content=\"2025 - GAD parroquial Las Pampas\" \/>\n<meta property=\"og:description\" content=\"\u00abReuni\u00f3n para la Conformaci\u00f3n del Equipo de Rendici\u00f3n de Cuentas del periodo 2024\u00bb Fecha: 12 de febrero de 2025 R. CEC 2024 \u00abAmpliaci\u00f3n de la v\u00eda principal de la parroquia\u00bb Fecha: 23 de marzo de 2025 \u00abInauguraci\u00f3n del campeonato de Ecuavoley\u00bb Fecha: 06 de abril de 2025 \u00abElaboraci\u00f3n de Hoja Ruta y Mapeo de actores [&hellip;]\" \/>\n<meta property=\"og:url\" content=\"https:\/\/laspampas.gob.ec\/cotopaxi\/2025-5\/\" \/>\n<meta property=\"og:site_name\" content=\"GAD parroquial Las Pampas\" \/>\n<meta property=\"article:modified_time\" content=\"2025-05-12T15:17:59+00:00\" \/>\n<meta property=\"og:image\" content=\"https:\/\/laspampas.gob.ec\/cotopaxi\/wp-content\/uploads\/2025\/04\/WhatsApp-Image-2025-03-23-at-16.05.20.jpeg\" \/>\n\t<meta property=\"og:image:width\" content=\"1600\" \/>\n\t<meta property=\"og:image:height\" content=\"1200\" \/>\n\t<meta property=\"og:image:type\" content=\"image\/jpeg\" \/>\n<meta name=\"twitter:card\" content=\"summary_large_image\" \/>\n<meta name=\"twitter:label1\" content=\"Tiempo de lectura\" \/>\n\t<meta name=\"twitter:data1\" content=\"2 minutos\" \/>\n<script type=\"application\/ld+json\" class=\"yoast-schema-graph\">{\"@context\":\"https:\/\/schema.org\",\"@graph\":[{\"@type\":\"WebPage\",\"@id\":\"https:\/\/laspampas.gob.ec\/cotopaxi\/2025-5\/\",\"url\":\"https:\/\/laspampas.gob.ec\/cotopaxi\/2025-5\/\",\"name\":\"2025 - GAD parroquial Las Pampas\",\"isPartOf\":{\"@id\":\"https:\/\/laspampas.gob.ec\/cotopaxi\/#website\"},\"primaryImageOfPage\":{\"@id\":\"https:\/\/laspampas.gob.ec\/cotopaxi\/2025-5\/#primaryimage\"},\"image\":{\"@id\":\"https:\/\/laspampas.gob.ec\/cotopaxi\/2025-5\/#primaryimage\"},\"thumbnailUrl\":\"https:\/\/laspampas.gob.ec\/cotopaxi\/wp-content\/uploads\/2025\/04\/WhatsApp-Image-2025-03-23-at-16.05.20-550x413.jpeg\",\"datePublished\":\"2025-01-09T14:48:20+00:00\",\"dateModified\":\"2025-05-12T15:17:59+00:00\",\"breadcrumb\":{\"@id\":\"https:\/\/laspampas.gob.ec\/cotopaxi\/2025-5\/#breadcrumb\"},\"inLanguage\":\"es\",\"potentialAction\":[{\"@type\":\"ReadAction\",\"target\":[\"https:\/\/laspampas.gob.ec\/cotopaxi\/2025-5\/\"]}]},{\"@type\":\"ImageObject\",\"inLanguage\":\"es\",\"@id\":\"https:\/\/laspampas.gob.ec\/cotopaxi\/2025-5\/#primaryimage\",\"url\":\"https:\/\/laspampas.gob.ec\/cotopaxi\/wp-content\/uploads\/2025\/04\/WhatsApp-Image-2025-03-23-at-16.05.20.jpeg\",\"contentUrl\":\"https:\/\/laspampas.gob.ec\/cotopaxi\/wp-content\/uploads\/2025\/04\/WhatsApp-Image-2025-03-23-at-16.05.20.jpeg\",\"width\":1600,\"height\":1200},{\"@type\":\"BreadcrumbList\",\"@id\":\"https:\/\/laspampas.gob.ec\/cotopaxi\/2025-5\/#breadcrumb\",\"itemListElement\":[{\"@type\":\"ListItem\",\"position\":1,\"name\":\"Home\",\"item\":\"https:\/\/laspampas.gob.ec\/cotopaxi\/\"},{\"@type\":\"ListItem\",\"position\":2,\"name\":\"2025\"}]},{\"@type\":\"WebSite\",\"@id\":\"https:\/\/laspampas.gob.ec\/cotopaxi\/#website\",\"url\":\"https:\/\/laspampas.gob.ec\/cotopaxi\/\",\"name\":\"GAD Parroquial de las Pampas\",\"description\":\"Sitio Oficial del GAD Parroquial de Palo Quemado Cotopaxi\",\"publisher\":{\"@id\":\"https:\/\/laspampas.gob.ec\/cotopaxi\/#organization\"},\"potentialAction\":[{\"@type\":\"SearchAction\",\"target\":{\"@type\":\"EntryPoint\",\"urlTemplate\":\"https:\/\/laspampas.gob.ec\/cotopaxi\/?s={search_term_string}\"},\"query-input\":{\"@type\":\"PropertyValueSpecification\",\"valueRequired\":true,\"valueName\":\"search_term_string\"}}],\"inLanguage\":\"es\"},{\"@type\":\"Organization\",\"@id\":\"https:\/\/laspampas.gob.ec\/cotopaxi\/#organization\",\"name\":\"GAD Parroquial de Las Pampas\",\"url\":\"https:\/\/laspampas.gob.ec\/cotopaxi\/\",\"logo\":{\"@type\":\"ImageObject\",\"inLanguage\":\"es\",\"@id\":\"https:\/\/laspampas.gob.ec\/cotopaxi\/#\/schema\/logo\/image\/\",\"url\":\"https:\/\/laspampas.gob.ec\/cotopaxi\/wp-content\/uploads\/2020\/06\/logoFooter.png\",\"contentUrl\":\"https:\/\/laspampas.gob.ec\/cotopaxi\/wp-content\/uploads\/2020\/06\/logoFooter.png\",\"width\":160,\"height\":156,\"caption\":\"GAD Parroquial de Las Pampas\"},\"image\":{\"@id\":\"https:\/\/laspampas.gob.ec\/cotopaxi\/#\/schema\/logo\/image\/\"}}]}<\/script>\n<!-- \/ Yoast SEO plugin. -->","yoast_head_json":{"title":"2025 - GAD parroquial Las Pampas","robots":{"index":"index","follow":"follow","max-snippet":"max-snippet:-1","max-image-preview":"max-image-preview:large","max-video-preview":"max-video-preview:-1"},"canonical":"https:\/\/laspampas.gob.ec\/cotopaxi\/2025-5\/","og_locale":"es_ES","og_type":"article","og_title":"2025 - GAD parroquial Las Pampas","og_description":"\u00abReuni\u00f3n para la Conformaci\u00f3n del Equipo de Rendici\u00f3n de Cuentas del periodo 2024\u00bb Fecha: 12 de febrero de 2025 R. CEC 2024 \u00abAmpliaci\u00f3n de la v\u00eda principal de la parroquia\u00bb Fecha: 23 de marzo de 2025 \u00abInauguraci\u00f3n del campeonato de Ecuavoley\u00bb Fecha: 06 de abril de 2025 \u00abElaboraci\u00f3n de Hoja Ruta y Mapeo de actores [&hellip;]","og_url":"https:\/\/laspampas.gob.ec\/cotopaxi\/2025-5\/","og_site_name":"GAD parroquial Las Pampas","article_modified_time":"2025-05-12T15:17:59+00:00","og_image":[{"width":1600,"height":1200,"url":"https:\/\/laspampas.gob.ec\/cotopaxi\/wp-content\/uploads\/2025\/04\/WhatsApp-Image-2025-03-23-at-16.05.20.jpeg","type":"image\/jpeg"}],"twitter_card":"summary_large_image","twitter_misc":{"Tiempo de lectura":"2 minutos"},"schema":{"@context":"https:\/\/schema.org","@graph":[{"@type":"WebPage","@id":"https:\/\/laspampas.gob.ec\/cotopaxi\/2025-5\/","url":"https:\/\/laspampas.gob.ec\/cotopaxi\/2025-5\/","name":"2025 - GAD parroquial Las Pampas","isPartOf":{"@id":"https:\/\/laspampas.gob.ec\/cotopaxi\/#website"},"primaryImageOfPage":{"@id":"https:\/\/laspampas.gob.ec\/cotopaxi\/2025-5\/#primaryimage"},"image":{"@id":"https:\/\/laspampas.gob.ec\/cotopaxi\/2025-5\/#primaryimage"},"thumbnailUrl":"https:\/\/laspampas.gob.ec\/cotopaxi\/wp-content\/uploads\/2025\/04\/WhatsApp-Image-2025-03-23-at-16.05.20-550x413.jpeg","datePublished":"2025-01-09T14:48:20+00:00","dateModified":"2025-05-12T15:17:59+00:00","breadcrumb":{"@id":"https:\/\/laspampas.gob.ec\/cotopaxi\/2025-5\/#breadcrumb"},"inLanguage":"es","potentialAction":[{"@type":"ReadAction","target":["https:\/\/laspampas.gob.ec\/cotopaxi\/2025-5\/"]}]},{"@type":"ImageObject","inLanguage":"es","@id":"https:\/\/laspampas.gob.ec\/cotopaxi\/2025-5\/#primaryimage","url":"https:\/\/laspampas.gob.ec\/cotopaxi\/wp-content\/uploads\/2025\/04\/WhatsApp-Image-2025-03-23-at-16.05.20.jpeg","contentUrl":"https:\/\/laspampas.gob.ec\/cotopaxi\/wp-content\/uploads\/2025\/04\/WhatsApp-Image-2025-03-23-at-16.05.20.jpeg","width":1600,"height":1200},{"@type":"BreadcrumbList","@id":"https:\/\/laspampas.gob.ec\/cotopaxi\/2025-5\/#breadcrumb","itemListElement":[{"@type":"ListItem","position":1,"name":"Home","item":"https:\/\/laspampas.gob.ec\/cotopaxi\/"},{"@type":"ListItem","position":2,"name":"2025"}]},{"@type":"WebSite","@id":"https:\/\/laspampas.gob.ec\/cotopaxi\/#website","url":"https:\/\/laspampas.gob.ec\/cotopaxi\/","name":"GAD Parroquial de las Pampas","description":"Sitio Oficial del GAD Parroquial de Palo Quemado Cotopaxi","publisher":{"@id":"https:\/\/laspampas.gob.ec\/cotopaxi\/#organization"},"potentialAction":[{"@type":"SearchAction","target":{"@type":"EntryPoint","urlTemplate":"https:\/\/laspampas.gob.ec\/cotopaxi\/?s={search_term_string}"},"query-input":{"@type":"PropertyValueSpecification","valueRequired":true,"valueName":"search_term_string"}}],"inLanguage":"es"},{"@type":"Organization","@id":"https:\/\/laspampas.gob.ec\/cotopaxi\/#organization","name":"GAD Parroquial de Las Pampas","url":"https:\/\/laspampas.gob.ec\/cotopaxi\/","logo":{"@type":"ImageObject","inLanguage":"es","@id":"https:\/\/laspampas.gob.ec\/cotopaxi\/#\/schema\/logo\/image\/","url":"https:\/\/laspampas.gob.ec\/cotopaxi\/wp-content\/uploads\/2020\/06\/logoFooter.png","contentUrl":"https:\/\/laspampas.gob.ec\/cotopaxi\/wp-content\/uploads\/2020\/06\/logoFooter.png","width":160,"height":156,"caption":"GAD Parroquial de Las Pampas"},"image":{"@id":"https:\/\/laspampas.gob.ec\/cotopaxi\/#\/schema\/logo\/image\/"}}]}},"_links":{"self":[{"href":"https:\/\/laspampas.gob.ec\/cotopaxi\/wp-json\/wp\/v2\/pages\/4056","targetHints":{"allow":["GET"]}}],"collection":[{"href":"https:\/\/laspampas.gob.ec\/cotopaxi\/wp-json\/wp\/v2\/pages"}],"about":[{"href":"https:\/\/laspampas.gob.ec\/cotopaxi\/wp-json\/wp\/v2\/types\/page"}],"author":[{"embeddable":true,"href":"https:\/\/laspampas.gob.ec\/cotopaxi\/wp-json\/wp\/v2\/users\/2"}],"replies":[{"embeddable":true,"href":"https:\/\/laspampas.gob.ec\/cotopaxi\/wp-json\/wp\/v2\/comments?post=4056"}],"version-history":[{"count":8,"href":"https:\/\/laspampas.gob.ec\/cotopaxi\/wp-json\/wp\/v2\/pages\/4056\/revisions"}],"predecessor-version":[{"id":4135,"href":"https:\/\/laspampas.gob.ec\/cotopaxi\/wp-json\/wp\/v2\/pages\/4056\/revisions\/4135"}],"wp:attachment":[{"href":"https:\/\/laspampas.gob.ec\/cotopaxi\/wp-json\/wp\/v2\/media?parent=4056"}],"curies":[{"name":"wp","href":"https:\/\/api.w.org\/{rel}","templated":true}]}}