{"id":3742,"date":"2024-06-21T16:51:28","date_gmt":"2024-06-21T20:51:28","guid":{"rendered":"https:\/\/laspampas.gob.ec\/cotopaxi\/?page_id=3742"},"modified":"2025-08-04T11:55:29","modified_gmt":"2025-08-04T15:55:29","slug":"2024-4","status":"publish","type":"page","link":"https:\/\/laspampas.gob.ec\/cotopaxi\/2024-4\/","title":{"rendered":"2024"},"content":{"rendered":"<p><a href=\"https:\/\/laspampas.gob.ec\/cotopaxi\/wp-content\/uploads\/2025\/08\/1.-ESTADO-DE-SITUACION-FINANCIERA.pdf\">1. Estado de Situaci\u00f3n Financiera<\/a><\/p>\n<p><a href=\"https:\/\/laspampas.gob.ec\/cotopaxi\/wp-content\/uploads\/2025\/08\/2.-ESTADO-DE-RENDIMIENTO-FINANCIERO.pdf\">2. Estado de Rendimiento Financiero<\/a><\/p>\n<p><a href=\"https:\/\/laspampas.gob.ec\/cotopaxi\/wp-content\/uploads\/2025\/08\/3.-ESTADO-DE-FLUJO-DE-EFECTIVO.pdf\">3. Estado de Flujo de Efectivo<\/a><\/p>\n<p><a href=\"https:\/\/laspampas.gob.ec\/cotopaxi\/wp-content\/uploads\/2025\/08\/4.-ESTADO-DE-CAMBIO-EN-EL-PATRIMONIO.pdf\">4. Estado de Cambio en el Patrimonio<\/a><\/p>\n<p><a href=\"https:\/\/laspampas.gob.ec\/cotopaxi\/wp-content\/uploads\/2025\/08\/5.-BALANCE-GENERAL.pdf\">5. Balance General<\/a><\/p>\n<p><a href=\"https:\/\/laspampas.gob.ec\/cotopaxi\/wp-content\/uploads\/2025\/08\/6.-ESTADO-DE-EJECUCION-PRESUPUESTARIA.pdf\">6. Estado de Ejecuci\u00f3n Presupuestaria<\/a><\/p>\n<p><a href=\"https:\/\/laspampas.gob.ec\/cotopaxi\/wp-content\/uploads\/2025\/08\/7.-CEDULA-PRESUPUESTARIA-DE-GASTOS.pdf\">7. C\u00e9dula Presupuestaria de Gastos<\/a><\/p>\n<p><a href=\"https:\/\/laspampas.gob.ec\/cotopaxi\/wp-content\/uploads\/2025\/08\/8.-CEDULA-PRESUPUESTARIA-DE-INGRESOS.pdf\">8. C\u00e9dula Presupuestaria de Ingresos<\/a><\/p>\n<p><a href=\"https:\/\/laspampas.gob.ec\/cotopaxi\/wp-content\/uploads\/2025\/08\/9.-TRANSFERENCIAS-RECIPROCAS-NOVIEMBRE.pdf\">9. Transferencias Rec\u00edprocas Noviembre\u00a0<\/a><\/p>\n<p><a href=\"https:\/\/laspampas.gob.ec\/cotopaxi\/wp-content\/uploads\/2025\/08\/10.-TRANSFERENCIAS-RECIPROCAS-DICIEMBRE.pdf\">10. Transferencias Rec\u00edprocas Diciembre<\/a><\/p>\n","protected":false},"excerpt":{"rendered":"<p>1. Estado de Situaci\u00f3n Financiera 2. Estado de Rendimiento Financiero 3. Estado de Flujo de Efectivo 4. Estado de Cambio en el Patrimonio 5. Balance General 6. Estado de Ejecuci\u00f3n Presupuestaria 7. C\u00e9dula Presupuestaria de Gastos 8. C\u00e9dula Presupuestaria de Ingresos 9. Transferencias Rec\u00edprocas Noviembre\u00a0 10. Transferencias Rec\u00edprocas Diciembre<\/p>\n","protected":false},"author":2,"featured_media":0,"parent":0,"menu_order":0,"comment_status":"closed","ping_status":"closed","template":"","meta":{"footnotes":""},"class_list":["post-3742","page","type-page","status-publish","hentry"],"yoast_head":"<!-- This site is optimized with the Yoast SEO plugin v24.2 - https:\/\/yoast.com\/wordpress\/plugins\/seo\/ -->\n<title>2024 - GAD parroquial Las Pampas<\/title>\n<meta name=\"robots\" content=\"index, follow, max-snippet:-1, max-image-preview:large, max-video-preview:-1\" \/>\n<link rel=\"canonical\" href=\"https:\/\/laspampas.gob.ec\/cotopaxi\/2024-4\/\" \/>\n<meta property=\"og:locale\" content=\"es_ES\" \/>\n<meta property=\"og:type\" content=\"article\" \/>\n<meta property=\"og:title\" content=\"2024 - GAD parroquial Las Pampas\" \/>\n<meta property=\"og:description\" content=\"1. Estado de Situaci\u00f3n Financiera 2. Estado de Rendimiento Financiero 3. Estado de Flujo de Efectivo 4. Estado de Cambio en el Patrimonio 5. Balance General 6. Estado de Ejecuci\u00f3n Presupuestaria 7. C\u00e9dula Presupuestaria de Gastos 8. C\u00e9dula Presupuestaria de Ingresos 9. Transferencias Rec\u00edprocas Noviembre\u00a0 10. Transferencias Rec\u00edprocas Diciembre\" \/>\n<meta property=\"og:url\" content=\"https:\/\/laspampas.gob.ec\/cotopaxi\/2024-4\/\" \/>\n<meta property=\"og:site_name\" content=\"GAD parroquial Las Pampas\" \/>\n<meta property=\"article:modified_time\" content=\"2025-08-04T15:55:29+00:00\" \/>\n<meta name=\"twitter:card\" content=\"summary_large_image\" \/>\n<meta name=\"twitter:label1\" content=\"Tiempo de lectura\" \/>\n\t<meta name=\"twitter:data1\" content=\"1 minuto\" \/>\n<script type=\"application\/ld+json\" class=\"yoast-schema-graph\">{\"@context\":\"https:\/\/schema.org\",\"@graph\":[{\"@type\":\"WebPage\",\"@id\":\"https:\/\/laspampas.gob.ec\/cotopaxi\/2024-4\/\",\"url\":\"https:\/\/laspampas.gob.ec\/cotopaxi\/2024-4\/\",\"name\":\"2024 - GAD parroquial Las Pampas\",\"isPartOf\":{\"@id\":\"https:\/\/laspampas.gob.ec\/cotopaxi\/#website\"},\"datePublished\":\"2024-06-21T20:51:28+00:00\",\"dateModified\":\"2025-08-04T15:55:29+00:00\",\"breadcrumb\":{\"@id\":\"https:\/\/laspampas.gob.ec\/cotopaxi\/2024-4\/#breadcrumb\"},\"inLanguage\":\"es\",\"potentialAction\":[{\"@type\":\"ReadAction\",\"target\":[\"https:\/\/laspampas.gob.ec\/cotopaxi\/2024-4\/\"]}]},{\"@type\":\"BreadcrumbList\",\"@id\":\"https:\/\/laspampas.gob.ec\/cotopaxi\/2024-4\/#breadcrumb\",\"itemListElement\":[{\"@type\":\"ListItem\",\"position\":1,\"name\":\"Home\",\"item\":\"https:\/\/laspampas.gob.ec\/cotopaxi\/\"},{\"@type\":\"ListItem\",\"position\":2,\"name\":\"2024\"}]},{\"@type\":\"WebSite\",\"@id\":\"https:\/\/laspampas.gob.ec\/cotopaxi\/#website\",\"url\":\"https:\/\/laspampas.gob.ec\/cotopaxi\/\",\"name\":\"GAD Parroquial de las Pampas\",\"description\":\"Sitio Oficial del GAD Parroquial de Palo Quemado Cotopaxi\",\"publisher\":{\"@id\":\"https:\/\/laspampas.gob.ec\/cotopaxi\/#organization\"},\"potentialAction\":[{\"@type\":\"SearchAction\",\"target\":{\"@type\":\"EntryPoint\",\"urlTemplate\":\"https:\/\/laspampas.gob.ec\/cotopaxi\/?s={search_term_string}\"},\"query-input\":{\"@type\":\"PropertyValueSpecification\",\"valueRequired\":true,\"valueName\":\"search_term_string\"}}],\"inLanguage\":\"es\"},{\"@type\":\"Organization\",\"@id\":\"https:\/\/laspampas.gob.ec\/cotopaxi\/#organization\",\"name\":\"GAD Parroquial de Las Pampas\",\"url\":\"https:\/\/laspampas.gob.ec\/cotopaxi\/\",\"logo\":{\"@type\":\"ImageObject\",\"inLanguage\":\"es\",\"@id\":\"https:\/\/laspampas.gob.ec\/cotopaxi\/#\/schema\/logo\/image\/\",\"url\":\"https:\/\/laspampas.gob.ec\/cotopaxi\/wp-content\/uploads\/2020\/06\/logoFooter.png\",\"contentUrl\":\"https:\/\/laspampas.gob.ec\/cotopaxi\/wp-content\/uploads\/2020\/06\/logoFooter.png\",\"width\":160,\"height\":156,\"caption\":\"GAD Parroquial de Las Pampas\"},\"image\":{\"@id\":\"https:\/\/laspampas.gob.ec\/cotopaxi\/#\/schema\/logo\/image\/\"}}]}<\/script>\n<!-- \/ Yoast SEO plugin. -->","yoast_head_json":{"title":"2024 - GAD parroquial Las Pampas","robots":{"index":"index","follow":"follow","max-snippet":"max-snippet:-1","max-image-preview":"max-image-preview:large","max-video-preview":"max-video-preview:-1"},"canonical":"https:\/\/laspampas.gob.ec\/cotopaxi\/2024-4\/","og_locale":"es_ES","og_type":"article","og_title":"2024 - GAD parroquial Las Pampas","og_description":"1. Estado de Situaci\u00f3n Financiera 2. Estado de Rendimiento Financiero 3. Estado de Flujo de Efectivo 4. Estado de Cambio en el Patrimonio 5. Balance General 6. Estado de Ejecuci\u00f3n Presupuestaria 7. C\u00e9dula Presupuestaria de Gastos 8. C\u00e9dula Presupuestaria de Ingresos 9. Transferencias Rec\u00edprocas Noviembre\u00a0 10. Transferencias Rec\u00edprocas Diciembre","og_url":"https:\/\/laspampas.gob.ec\/cotopaxi\/2024-4\/","og_site_name":"GAD parroquial Las Pampas","article_modified_time":"2025-08-04T15:55:29+00:00","twitter_card":"summary_large_image","twitter_misc":{"Tiempo de lectura":"1 minuto"},"schema":{"@context":"https:\/\/schema.org","@graph":[{"@type":"WebPage","@id":"https:\/\/laspampas.gob.ec\/cotopaxi\/2024-4\/","url":"https:\/\/laspampas.gob.ec\/cotopaxi\/2024-4\/","name":"2024 - GAD parroquial Las Pampas","isPartOf":{"@id":"https:\/\/laspampas.gob.ec\/cotopaxi\/#website"},"datePublished":"2024-06-21T20:51:28+00:00","dateModified":"2025-08-04T15:55:29+00:00","breadcrumb":{"@id":"https:\/\/laspampas.gob.ec\/cotopaxi\/2024-4\/#breadcrumb"},"inLanguage":"es","potentialAction":[{"@type":"ReadAction","target":["https:\/\/laspampas.gob.ec\/cotopaxi\/2024-4\/"]}]},{"@type":"BreadcrumbList","@id":"https:\/\/laspampas.gob.ec\/cotopaxi\/2024-4\/#breadcrumb","itemListElement":[{"@type":"ListItem","position":1,"name":"Home","item":"https:\/\/laspampas.gob.ec\/cotopaxi\/"},{"@type":"ListItem","position":2,"name":"2024"}]},{"@type":"WebSite","@id":"https:\/\/laspampas.gob.ec\/cotopaxi\/#website","url":"https:\/\/laspampas.gob.ec\/cotopaxi\/","name":"GAD Parroquial de las Pampas","description":"Sitio Oficial del GAD Parroquial de Palo Quemado Cotopaxi","publisher":{"@id":"https:\/\/laspampas.gob.ec\/cotopaxi\/#organization"},"potentialAction":[{"@type":"SearchAction","target":{"@type":"EntryPoint","urlTemplate":"https:\/\/laspampas.gob.ec\/cotopaxi\/?s={search_term_string}"},"query-input":{"@type":"PropertyValueSpecification","valueRequired":true,"valueName":"search_term_string"}}],"inLanguage":"es"},{"@type":"Organization","@id":"https:\/\/laspampas.gob.ec\/cotopaxi\/#organization","name":"GAD Parroquial de Las Pampas","url":"https:\/\/laspampas.gob.ec\/cotopaxi\/","logo":{"@type":"ImageObject","inLanguage":"es","@id":"https:\/\/laspampas.gob.ec\/cotopaxi\/#\/schema\/logo\/image\/","url":"https:\/\/laspampas.gob.ec\/cotopaxi\/wp-content\/uploads\/2020\/06\/logoFooter.png","contentUrl":"https:\/\/laspampas.gob.ec\/cotopaxi\/wp-content\/uploads\/2020\/06\/logoFooter.png","width":160,"height":156,"caption":"GAD Parroquial de Las Pampas"},"image":{"@id":"https:\/\/laspampas.gob.ec\/cotopaxi\/#\/schema\/logo\/image\/"}}]}},"_links":{"self":[{"href":"https:\/\/laspampas.gob.ec\/cotopaxi\/wp-json\/wp\/v2\/pages\/3742","targetHints":{"allow":["GET"]}}],"collection":[{"href":"https:\/\/laspampas.gob.ec\/cotopaxi\/wp-json\/wp\/v2\/pages"}],"about":[{"href":"https:\/\/laspampas.gob.ec\/cotopaxi\/wp-json\/wp\/v2\/types\/page"}],"author":[{"embeddable":true,"href":"https:\/\/laspampas.gob.ec\/cotopaxi\/wp-json\/wp\/v2\/users\/2"}],"replies":[{"embeddable":true,"href":"https:\/\/laspampas.gob.ec\/cotopaxi\/wp-json\/wp\/v2\/comments?post=3742"}],"version-history":[{"count":3,"href":"https:\/\/laspampas.gob.ec\/cotopaxi\/wp-json\/wp\/v2\/pages\/3742\/revisions"}],"predecessor-version":[{"id":4205,"href":"https:\/\/laspampas.gob.ec\/cotopaxi\/wp-json\/wp\/v2\/pages\/3742\/revisions\/4205"}],"wp:attachment":[{"href":"https:\/\/laspampas.gob.ec\/cotopaxi\/wp-json\/wp\/v2\/media?parent=3742"}],"curies":[{"name":"wp","href":"https:\/\/api.w.org\/{rel}","templated":true}]}}