{"id":3386,"date":"2024-05-10T13:45:25","date_gmt":"2024-05-10T17:45:25","guid":{"rendered":"https:\/\/laspampas.gob.ec\/cotopaxi\/?page_id=3386"},"modified":"2025-01-09T10:50:41","modified_gmt":"2025-01-09T14:50:41","slug":"eventos","status":"publish","type":"page","link":"https:\/\/laspampas.gob.ec\/cotopaxi\/eventos\/","title":{"rendered":"2024"},"content":{"rendered":"<p style=\"text-align: center;\"><strong>\u00abReuni\u00f3n con la Tenencia Pol\u00edtica, Polic\u00eda Nacional para la seguridad de la ciudadan\u00eda\u00bb<\/strong><\/p>\n<p>Fecha: 09 de enero de 2024<\/p>\n<p><img loading=\"lazy\" decoding=\"async\" class=\"alignnone wp-image-3431\" src=\"https:\/\/laspampas.gob.ec\/cotopaxi\/wp-content\/uploads\/2024\/05\/poli.jpg\" alt=\"\" width=\"323\" height=\"205\" \/><\/p>\n<p style=\"text-align: center;\"><strong>\u00abSocializaci\u00f3n del PDOT de la Parroquia Las Pampas para el periodo 2023 &#8211; 2027\u00bb<\/strong><\/p>\n<p>Fecha: 08 de febrero de 2024<\/p>\n<p><img loading=\"lazy\" decoding=\"async\" class=\"alignnone wp-image-3428\" src=\"https:\/\/laspampas.gob.ec\/cotopaxi\/wp-content\/uploads\/2024\/05\/pd.jpg\" alt=\"\" width=\"322\" height=\"337\" \/><\/p>\n<blockquote>\n<p style=\"text-align: center;\"><strong>\u00abSocializaci\u00f3n del PDOT de la Parroquia Las Pampas para el periodo 2023 &#8211; 2027\u00bb<\/strong><\/p>\n<\/blockquote>\n<p>Fecha: 14 de marzo de 2024<\/p>\n<p><img loading=\"lazy\" decoding=\"async\" class=\"alignnone wp-image-3429\" src=\"https:\/\/laspampas.gob.ec\/cotopaxi\/wp-content\/uploads\/2024\/05\/dote.jpg\" alt=\"\" width=\"292\" height=\"276\" \/> <img loading=\"lazy\" decoding=\"async\" class=\"alignnone wp-image-3430\" src=\"https:\/\/laspampas.gob.ec\/cotopaxi\/wp-content\/uploads\/2024\/05\/dot.jpg\" alt=\"\" width=\"371\" height=\"268\" \/><\/p>\n<blockquote>\n<p style=\"text-align: center;\"><strong>\u00abSocializaci\u00f3n del PDOT de la Parroquia Las Pampas para el periodo 2023 &#8211; 2027\u00bb<\/strong><\/p>\n<p>Fecha: 29 de abril de 2024<\/p>\n<p><img loading=\"lazy\" decoding=\"async\" class=\"alignnone wp-image-3425\" src=\"https:\/\/laspampas.gob.ec\/cotopaxi\/wp-content\/uploads\/2024\/05\/pdot.jpg\" alt=\"\" width=\"362\" height=\"297\" \/><\/p>\n<p><a href=\"https:\/\/laspampas.gob.ec\/cotopaxi\/wp-content\/uploads\/2024\/05\/ACTA-PDOT.pdf\">Acta Socializaci\u00f3n del PDOT<\/a><\/p>\n<p style=\"text-align: center;\"><strong>\u00abRendici\u00f3n de cuentas del Gobierno Aut\u00f3nomo Descentralizado Parroquial Rural de Las Pampas y las autoridades del periodo 2023\u00bb<\/strong><\/p>\n<p style=\"text-align: left;\">Fecha: 17 de mayo de 2024<\/p>\n<\/blockquote>\n<p><img loading=\"lazy\" decoding=\"async\" class=\"alignnone wp-image-3505\" src=\"https:\/\/laspampas.gob.ec\/cotopaxi\/wp-content\/uploads\/2024\/05\/WhatsApp-Image-2024-05-17-at-17.08.50-550x413.jpeg\" alt=\"\" width=\"348\" height=\"261\" srcset=\"https:\/\/laspampas.gob.ec\/cotopaxi\/wp-content\/uploads\/2024\/05\/WhatsApp-Image-2024-05-17-at-17.08.50-550x413.jpeg 550w, https:\/\/laspampas.gob.ec\/cotopaxi\/wp-content\/uploads\/2024\/05\/WhatsApp-Image-2024-05-17-at-17.08.50-1024x768.jpeg 1024w, https:\/\/laspampas.gob.ec\/cotopaxi\/wp-content\/uploads\/2024\/05\/WhatsApp-Image-2024-05-17-at-17.08.50-768x576.jpeg 768w, https:\/\/laspampas.gob.ec\/cotopaxi\/wp-content\/uploads\/2024\/05\/WhatsApp-Image-2024-05-17-at-17.08.50.jpeg 1040w\" sizes=\"auto, (max-width: 348px) 100vw, 348px\" \/> <img loading=\"lazy\" decoding=\"async\" class=\"alignnone wp-image-3506\" src=\"https:\/\/laspampas.gob.ec\/cotopaxi\/wp-content\/uploads\/2024\/05\/WhatsApp-Image-2024-05-17-at-17.08.29-550x413.jpeg\" alt=\"\" width=\"345\" height=\"259\" srcset=\"https:\/\/laspampas.gob.ec\/cotopaxi\/wp-content\/uploads\/2024\/05\/WhatsApp-Image-2024-05-17-at-17.08.29-550x413.jpeg 550w, https:\/\/laspampas.gob.ec\/cotopaxi\/wp-content\/uploads\/2024\/05\/WhatsApp-Image-2024-05-17-at-17.08.29-1024x768.jpeg 1024w, https:\/\/laspampas.gob.ec\/cotopaxi\/wp-content\/uploads\/2024\/05\/WhatsApp-Image-2024-05-17-at-17.08.29-768x576.jpeg 768w, https:\/\/laspampas.gob.ec\/cotopaxi\/wp-content\/uploads\/2024\/05\/WhatsApp-Image-2024-05-17-at-17.08.29-1536x1152.jpeg 1536w, https:\/\/laspampas.gob.ec\/cotopaxi\/wp-content\/uploads\/2024\/05\/WhatsApp-Image-2024-05-17-at-17.08.29.jpeg 1600w\" sizes=\"auto, (max-width: 345px) 100vw, 345px\" \/><\/p>\n<p><a href=\"https:\/\/www.facebook.com\/100092274295705\/videos\/815938909961895\/\">https:\/\/www.facebook.com\/100092274295705\/videos\/815938909961895\/<\/a><\/p>\n<p style=\"text-align: center;\"><strong>\u00abComisi\u00f3n con la Junta de Agua Potable\u00a0 de la Pampas a la Prefectura de Cotopaxi\u00bb<\/strong><\/p>\n<p style=\"text-align: left;\">Fecha: 10 de Junio de 2024<\/p>\n<p><img loading=\"lazy\" decoding=\"async\" class=\"alignnone wp-image-3869 \" src=\"https:\/\/laspampas.gob.ec\/cotopaxi\/wp-content\/uploads\/2024\/07\/WhatsApp-Image-2024-07-15-at-15.00.45-450x800.jpeg\" alt=\"\" width=\"415\" height=\"738\" srcset=\"https:\/\/laspampas.gob.ec\/cotopaxi\/wp-content\/uploads\/2024\/07\/WhatsApp-Image-2024-07-15-at-15.00.45-450x800.jpeg 450w, https:\/\/laspampas.gob.ec\/cotopaxi\/wp-content\/uploads\/2024\/07\/WhatsApp-Image-2024-07-15-at-15.00.45-576x1024.jpeg 576w, https:\/\/laspampas.gob.ec\/cotopaxi\/wp-content\/uploads\/2024\/07\/WhatsApp-Image-2024-07-15-at-15.00.45-768x1366.jpeg 768w, https:\/\/laspampas.gob.ec\/cotopaxi\/wp-content\/uploads\/2024\/07\/WhatsApp-Image-2024-07-15-at-15.00.45-864x1536.jpeg 864w, https:\/\/laspampas.gob.ec\/cotopaxi\/wp-content\/uploads\/2024\/07\/WhatsApp-Image-2024-07-15-at-15.00.45.jpeg 899w\" sizes=\"auto, (max-width: 415px) 100vw, 415px\" \/><\/p>\n<p style=\"text-align: center;\"><strong>\u00abReuni\u00f3n del Ministerio de Educaci\u00f3n con la ciudadan\u00eda\u00bb<\/strong><\/p>\n<p style=\"text-align: left;\">Fecha: 11 de julio de 2024<\/p>\n<p><img loading=\"lazy\" decoding=\"async\" class=\"alignnone wp-image-3934\" src=\"https:\/\/laspampas.gob.ec\/cotopaxi\/wp-content\/uploads\/2024\/08\/WhatsApp-Image-2024-08-08-at-16.03.47-2-550x413.jpeg\" alt=\"\" width=\"320\" height=\"241\" srcset=\"https:\/\/laspampas.gob.ec\/cotopaxi\/wp-content\/uploads\/2024\/08\/WhatsApp-Image-2024-08-08-at-16.03.47-2-550x413.jpeg 550w, https:\/\/laspampas.gob.ec\/cotopaxi\/wp-content\/uploads\/2024\/08\/WhatsApp-Image-2024-08-08-at-16.03.47-2-1024x768.jpeg 1024w, https:\/\/laspampas.gob.ec\/cotopaxi\/wp-content\/uploads\/2024\/08\/WhatsApp-Image-2024-08-08-at-16.03.47-2-768x576.jpeg 768w, https:\/\/laspampas.gob.ec\/cotopaxi\/wp-content\/uploads\/2024\/08\/WhatsApp-Image-2024-08-08-at-16.03.47-2-1536x1152.jpeg 1536w, https:\/\/laspampas.gob.ec\/cotopaxi\/wp-content\/uploads\/2024\/08\/WhatsApp-Image-2024-08-08-at-16.03.47-2.jpeg 1600w\" sizes=\"auto, (max-width: 320px) 100vw, 320px\" \/> <img loading=\"lazy\" decoding=\"async\" class=\"alignnone wp-image-3935\" src=\"https:\/\/laspampas.gob.ec\/cotopaxi\/wp-content\/uploads\/2024\/08\/WhatsApp-Image-2024-08-08-at-16.03.47-1-550x413.jpeg\" alt=\"\" width=\"320\" height=\"240\" srcset=\"https:\/\/laspampas.gob.ec\/cotopaxi\/wp-content\/uploads\/2024\/08\/WhatsApp-Image-2024-08-08-at-16.03.47-1-550x413.jpeg 550w, https:\/\/laspampas.gob.ec\/cotopaxi\/wp-content\/uploads\/2024\/08\/WhatsApp-Image-2024-08-08-at-16.03.47-1-1024x768.jpeg 1024w, https:\/\/laspampas.gob.ec\/cotopaxi\/wp-content\/uploads\/2024\/08\/WhatsApp-Image-2024-08-08-at-16.03.47-1-768x576.jpeg 768w, https:\/\/laspampas.gob.ec\/cotopaxi\/wp-content\/uploads\/2024\/08\/WhatsApp-Image-2024-08-08-at-16.03.47-1-1536x1152.jpeg 1536w, https:\/\/laspampas.gob.ec\/cotopaxi\/wp-content\/uploads\/2024\/08\/WhatsApp-Image-2024-08-08-at-16.03.47-1.jpeg 1600w\" sizes=\"auto, (max-width: 320px) 100vw, 320px\" \/><\/p>\n<p style=\"text-align: center;\"><strong>\u00abAsamblea Ciudadana para la Priorizaci\u00f3n del Gasto del Presupuesto 2025\u00bb<\/strong><\/p>\n<p style=\"text-align: left;\">Fecha: 01 de Agosto de 2024<\/p>\n<p><img loading=\"lazy\" decoding=\"async\" class=\"alignnone size-medium wp-image-3929\" src=\"https:\/\/laspampas.gob.ec\/cotopaxi\/wp-content\/uploads\/2024\/08\/WhatsApp-Image-2024-08-08-at-15.59.09-1-550x413.jpeg\" alt=\"\" width=\"550\" height=\"413\" srcset=\"https:\/\/laspampas.gob.ec\/cotopaxi\/wp-content\/uploads\/2024\/08\/WhatsApp-Image-2024-08-08-at-15.59.09-1-550x413.jpeg 550w, https:\/\/laspampas.gob.ec\/cotopaxi\/wp-content\/uploads\/2024\/08\/WhatsApp-Image-2024-08-08-at-15.59.09-1-1024x768.jpeg 1024w, https:\/\/laspampas.gob.ec\/cotopaxi\/wp-content\/uploads\/2024\/08\/WhatsApp-Image-2024-08-08-at-15.59.09-1-768x576.jpeg 768w, https:\/\/laspampas.gob.ec\/cotopaxi\/wp-content\/uploads\/2024\/08\/WhatsApp-Image-2024-08-08-at-15.59.09-1-1536x1152.jpeg 1536w, https:\/\/laspampas.gob.ec\/cotopaxi\/wp-content\/uploads\/2024\/08\/WhatsApp-Image-2024-08-08-at-15.59.09-1.jpeg 1600w\" sizes=\"auto, (max-width: 550px) 100vw, 550px\" \/> <img loading=\"lazy\" decoding=\"async\" class=\"alignnone size-medium wp-image-3930\" src=\"https:\/\/laspampas.gob.ec\/cotopaxi\/wp-content\/uploads\/2024\/08\/WhatsApp-Image-2024-08-08-at-15.59.09-550x413.jpeg\" alt=\"\" width=\"550\" height=\"413\" srcset=\"https:\/\/laspampas.gob.ec\/cotopaxi\/wp-content\/uploads\/2024\/08\/WhatsApp-Image-2024-08-08-at-15.59.09-550x413.jpeg 550w, https:\/\/laspampas.gob.ec\/cotopaxi\/wp-content\/uploads\/2024\/08\/WhatsApp-Image-2024-08-08-at-15.59.09-1024x768.jpeg 1024w, https:\/\/laspampas.gob.ec\/cotopaxi\/wp-content\/uploads\/2024\/08\/WhatsApp-Image-2024-08-08-at-15.59.09-768x576.jpeg 768w, https:\/\/laspampas.gob.ec\/cotopaxi\/wp-content\/uploads\/2024\/08\/WhatsApp-Image-2024-08-08-at-15.59.09-1536x1152.jpeg 1536w, https:\/\/laspampas.gob.ec\/cotopaxi\/wp-content\/uploads\/2024\/08\/WhatsApp-Image-2024-08-08-at-15.59.09.jpeg 1600w\" sizes=\"auto, (max-width: 550px) 100vw, 550px\" \/><\/p>\n<p style=\"text-align: center;\"><strong>\u00abComisi\u00f3n con los moradores de a Comunidad de Zarapullo\u00a0 a la Prefectura de Cotopaxi\u00bb<\/strong><\/p>\n<p style=\"text-align: left;\">Fecha: 23 de septiembre de 2024<\/p>\n<p style=\"text-align: left;\"><img loading=\"lazy\" decoding=\"async\" class=\"size-medium wp-image-3985 aligncenter\" src=\"https:\/\/laspampas.gob.ec\/cotopaxi\/wp-content\/uploads\/2024\/10\/WhatsApp-Image-2024-09-23-at-06.52.14-550x309.jpeg\" alt=\"\" width=\"550\" height=\"309\" srcset=\"https:\/\/laspampas.gob.ec\/cotopaxi\/wp-content\/uploads\/2024\/10\/WhatsApp-Image-2024-09-23-at-06.52.14-550x309.jpeg 550w, https:\/\/laspampas.gob.ec\/cotopaxi\/wp-content\/uploads\/2024\/10\/WhatsApp-Image-2024-09-23-at-06.52.14-1024x576.jpeg 1024w, https:\/\/laspampas.gob.ec\/cotopaxi\/wp-content\/uploads\/2024\/10\/WhatsApp-Image-2024-09-23-at-06.52.14-768x432.jpeg 768w, https:\/\/laspampas.gob.ec\/cotopaxi\/wp-content\/uploads\/2024\/10\/WhatsApp-Image-2024-09-23-at-06.52.14-1536x864.jpeg 1536w, https:\/\/laspampas.gob.ec\/cotopaxi\/wp-content\/uploads\/2024\/10\/WhatsApp-Image-2024-09-23-at-06.52.14.jpeg 1599w\" sizes=\"auto, (max-width: 550px) 100vw, 550px\" \/><\/p>\n<p style=\"text-align: center;\"><strong>\u00abSocializaci\u00f3n del anteproyecto del presupuesto del a\u00f1o 2025\u00bb<\/strong><\/p>\n<p style=\"text-align: left;\">Fecha: 24 de octubre de 2024<\/p>\n<p>\u00a0<img loading=\"lazy\" decoding=\"async\" class=\"wp-image-4004 aligncenter\" src=\"https:\/\/laspampas.gob.ec\/cotopaxi\/wp-content\/uploads\/2024\/11\/WhatsApp-Image-2024-10-24-at-14.30.01-550x309.jpeg\" alt=\"\" width=\"648\" height=\"364\" srcset=\"https:\/\/laspampas.gob.ec\/cotopaxi\/wp-content\/uploads\/2024\/11\/WhatsApp-Image-2024-10-24-at-14.30.01-550x309.jpeg 550w, https:\/\/laspampas.gob.ec\/cotopaxi\/wp-content\/uploads\/2024\/11\/WhatsApp-Image-2024-10-24-at-14.30.01-1024x576.jpeg 1024w, https:\/\/laspampas.gob.ec\/cotopaxi\/wp-content\/uploads\/2024\/11\/WhatsApp-Image-2024-10-24-at-14.30.01-768x432.jpeg 768w, https:\/\/laspampas.gob.ec\/cotopaxi\/wp-content\/uploads\/2024\/11\/WhatsApp-Image-2024-10-24-at-14.30.01.jpeg 1280w\" sizes=\"auto, (max-width: 648px) 100vw, 648px\" \/><\/p>\n<p><img loading=\"lazy\" decoding=\"async\" class=\"wp-image-4003 aligncenter\" src=\"https:\/\/laspampas.gob.ec\/cotopaxi\/wp-content\/uploads\/2024\/11\/WhatsApp-Image-2024-10-24-at-14.29.40-550x309.jpeg\" alt=\"\" width=\"644\" height=\"362\" srcset=\"https:\/\/laspampas.gob.ec\/cotopaxi\/wp-content\/uploads\/2024\/11\/WhatsApp-Image-2024-10-24-at-14.29.40-550x309.jpeg 550w, https:\/\/laspampas.gob.ec\/cotopaxi\/wp-content\/uploads\/2024\/11\/WhatsApp-Image-2024-10-24-at-14.29.40-1024x576.jpeg 1024w, https:\/\/laspampas.gob.ec\/cotopaxi\/wp-content\/uploads\/2024\/11\/WhatsApp-Image-2024-10-24-at-14.29.40-768x432.jpeg 768w, https:\/\/laspampas.gob.ec\/cotopaxi\/wp-content\/uploads\/2024\/11\/WhatsApp-Image-2024-10-24-at-14.29.40.jpeg 1280w\" sizes=\"auto, (max-width: 644px) 100vw, 644px\" \/><\/p>\n<p style=\"text-align: center;\"><strong>\u00abInspecci\u00f3n de los Puentes del Recinto Las Juntas y R\u00edo Esmeraldas, los t\u00e9cnicos\u00a0 de la Prefectura de Cotopaxi y funcionarios del GADPR de Las Pampas\u00bb<\/strong><\/p>\n<p style=\"text-align: left;\">Fecha: 28 de noviembre de 2024<\/p>\n<p><img loading=\"lazy\" decoding=\"async\" class=\"alignnone wp-image-4015\" src=\"https:\/\/laspampas.gob.ec\/cotopaxi\/wp-content\/uploads\/2024\/12\/WhatsApp-Image-2024-11-28-at-09.08.23-450x800.jpeg\" alt=\"\" width=\"284\" height=\"505\" srcset=\"https:\/\/laspampas.gob.ec\/cotopaxi\/wp-content\/uploads\/2024\/12\/WhatsApp-Image-2024-11-28-at-09.08.23-450x800.jpeg 450w, https:\/\/laspampas.gob.ec\/cotopaxi\/wp-content\/uploads\/2024\/12\/WhatsApp-Image-2024-11-28-at-09.08.23-576x1024.jpeg 576w, https:\/\/laspampas.gob.ec\/cotopaxi\/wp-content\/uploads\/2024\/12\/WhatsApp-Image-2024-11-28-at-09.08.23.jpeg 720w\" sizes=\"auto, (max-width: 284px) 100vw, 284px\" \/> <img loading=\"lazy\" decoding=\"async\" class=\"alignnone wp-image-4016\" src=\"https:\/\/laspampas.gob.ec\/cotopaxi\/wp-content\/uploads\/2024\/12\/WhatsApp-Image-2024-11-28-at-09.08.22-550x309.jpeg\" alt=\"\" width=\"424\" height=\"238\" srcset=\"https:\/\/laspampas.gob.ec\/cotopaxi\/wp-content\/uploads\/2024\/12\/WhatsApp-Image-2024-11-28-at-09.08.22-550x309.jpeg 550w, https:\/\/laspampas.gob.ec\/cotopaxi\/wp-content\/uploads\/2024\/12\/WhatsApp-Image-2024-11-28-at-09.08.22-1024x576.jpeg 1024w, https:\/\/laspampas.gob.ec\/cotopaxi\/wp-content\/uploads\/2024\/12\/WhatsApp-Image-2024-11-28-at-09.08.22-768x432.jpeg 768w, https:\/\/laspampas.gob.ec\/cotopaxi\/wp-content\/uploads\/2024\/12\/WhatsApp-Image-2024-11-28-at-09.08.22.jpeg 1280w\" sizes=\"auto, (max-width: 424px) 100vw, 424px\" \/><\/p>\n<p style=\"text-align: center;\"><strong>\u00abAmpliaci\u00f3n de la v\u00eda principal de la parroquia Las Pampas, desde la Unidad Educativa San Francisco de Las Pampas, hasta el puente sobre el R\u00edo Esmeraldas \u00ab<\/strong><\/p>\n<p style=\"text-align: left;\">Fecha: 06 de diciembre de 2024<\/p>\n<p><img loading=\"lazy\" decoding=\"async\" class=\"alignnone wp-image-4039\" src=\"https:\/\/laspampas.gob.ec\/cotopaxi\/wp-content\/uploads\/2025\/01\/WhatsApp-Image-2024-12-07-at-14.08.21-450x800.jpeg\" alt=\"\" width=\"220\" height=\"391\" srcset=\"https:\/\/laspampas.gob.ec\/cotopaxi\/wp-content\/uploads\/2025\/01\/WhatsApp-Image-2024-12-07-at-14.08.21-450x800.jpeg 450w, https:\/\/laspampas.gob.ec\/cotopaxi\/wp-content\/uploads\/2025\/01\/WhatsApp-Image-2024-12-07-at-14.08.21-576x1024.jpeg 576w, https:\/\/laspampas.gob.ec\/cotopaxi\/wp-content\/uploads\/2025\/01\/WhatsApp-Image-2024-12-07-at-14.08.21.jpeg 720w\" sizes=\"auto, (max-width: 220px) 100vw, 220px\" \/><img loading=\"lazy\" decoding=\"async\" class=\"alignnone wp-image-4040\" src=\"https:\/\/laspampas.gob.ec\/cotopaxi\/wp-content\/uploads\/2025\/01\/WhatsApp-Image-2024-12-06-at-09.23.22-450x800.jpeg\" alt=\"\" width=\"224\" height=\"399\" srcset=\"https:\/\/laspampas.gob.ec\/cotopaxi\/wp-content\/uploads\/2025\/01\/WhatsApp-Image-2024-12-06-at-09.23.22-450x800.jpeg 450w, https:\/\/laspampas.gob.ec\/cotopaxi\/wp-content\/uploads\/2025\/01\/WhatsApp-Image-2024-12-06-at-09.23.22-576x1024.jpeg 576w, https:\/\/laspampas.gob.ec\/cotopaxi\/wp-content\/uploads\/2025\/01\/WhatsApp-Image-2024-12-06-at-09.23.22.jpeg 720w\" sizes=\"auto, (max-width: 224px) 100vw, 224px\" \/><img loading=\"lazy\" decoding=\"async\" class=\"alignnone wp-image-4041\" src=\"https:\/\/laspampas.gob.ec\/cotopaxi\/wp-content\/uploads\/2025\/01\/WhatsApp-Image-2024-12-09-at-09.39.21-450x800.jpeg\" alt=\"\" width=\"225\" height=\"400\" srcset=\"https:\/\/laspampas.gob.ec\/cotopaxi\/wp-content\/uploads\/2025\/01\/WhatsApp-Image-2024-12-09-at-09.39.21-450x800.jpeg 450w, https:\/\/laspampas.gob.ec\/cotopaxi\/wp-content\/uploads\/2025\/01\/WhatsApp-Image-2024-12-09-at-09.39.21-576x1024.jpeg 576w, https:\/\/laspampas.gob.ec\/cotopaxi\/wp-content\/uploads\/2025\/01\/WhatsApp-Image-2024-12-09-at-09.39.21.jpeg 720w\" sizes=\"auto, (max-width: 225px) 100vw, 225px\" \/><\/p>\n","protected":false},"excerpt":{"rendered":"<p>\u00abReuni\u00f3n con la Tenencia Pol\u00edtica, Polic\u00eda Nacional para la seguridad de la ciudadan\u00eda\u00bb Fecha: 09 de enero de 2024 \u00abSocializaci\u00f3n del PDOT de la Parroquia Las Pampas para el periodo 2023 &#8211; 2027\u00bb Fecha: 08 de febrero de 2024 \u00abSocializaci\u00f3n del PDOT de la Parroquia Las Pampas para el periodo 2023 &#8211; 2027\u00bb Fecha: 14 [&hellip;]<\/p>\n","protected":false},"author":2,"featured_media":0,"parent":0,"menu_order":0,"comment_status":"closed","ping_status":"closed","template":"","meta":{"footnotes":""},"class_list":["post-3386","page","type-page","status-publish","hentry"],"yoast_head":"<!-- This site is optimized with the Yoast SEO plugin v27.5 - https:\/\/yoast.com\/product\/yoast-seo-wordpress\/ -->\n<title>2024 - GAD parroquial Las Pampas<\/title>\n<meta name=\"robots\" content=\"index, follow, max-snippet:-1, max-image-preview:large, max-video-preview:-1\" \/>\n<link rel=\"canonical\" href=\"https:\/\/laspampas.gob.ec\/cotopaxi\/eventos\/\" \/>\n<meta property=\"og:locale\" content=\"es_ES\" \/>\n<meta property=\"og:type\" content=\"article\" \/>\n<meta property=\"og:title\" content=\"2024 - GAD parroquial Las Pampas\" \/>\n<meta property=\"og:description\" content=\"\u00abReuni\u00f3n con la Tenencia Pol\u00edtica, Polic\u00eda Nacional para la seguridad de la ciudadan\u00eda\u00bb Fecha: 09 de enero de 2024 \u00abSocializaci\u00f3n del PDOT de la Parroquia Las Pampas para el periodo 2023 &#8211; 2027\u00bb Fecha: 08 de febrero de 2024 \u00abSocializaci\u00f3n del PDOT de la Parroquia Las Pampas para el periodo 2023 &#8211; 2027\u00bb Fecha: 14 [&hellip;]\" \/>\n<meta property=\"og:url\" content=\"https:\/\/laspampas.gob.ec\/cotopaxi\/eventos\/\" \/>\n<meta property=\"og:site_name\" content=\"GAD parroquial Las Pampas\" \/>\n<meta property=\"article:modified_time\" content=\"2025-01-09T14:50:41+00:00\" \/>\n<meta property=\"og:image\" content=\"https:\/\/laspampas.gob.ec\/cotopaxi\/wp-content\/uploads\/2024\/05\/poli.jpg\" \/>\n\t<meta property=\"og:image:width\" content=\"506\" \/>\n\t<meta property=\"og:image:height\" content=\"320\" \/>\n\t<meta property=\"og:image:type\" content=\"image\/jpeg\" \/>\n<meta name=\"twitter:card\" content=\"summary_large_image\" \/>\n<meta name=\"twitter:label1\" content=\"Tiempo de lectura\" \/>\n\t<meta name=\"twitter:data1\" content=\"5 minutos\" \/>\n<script type=\"application\/ld+json\" class=\"yoast-schema-graph\">{\"@context\":\"https:\\\/\\\/schema.org\",\"@graph\":[{\"@type\":\"WebPage\",\"@id\":\"https:\\\/\\\/laspampas.gob.ec\\\/cotopaxi\\\/eventos\\\/\",\"url\":\"https:\\\/\\\/laspampas.gob.ec\\\/cotopaxi\\\/eventos\\\/\",\"name\":\"2024 - GAD parroquial Las Pampas\",\"isPartOf\":{\"@id\":\"https:\\\/\\\/laspampas.gob.ec\\\/cotopaxi\\\/#website\"},\"primaryImageOfPage\":{\"@id\":\"https:\\\/\\\/laspampas.gob.ec\\\/cotopaxi\\\/eventos\\\/#primaryimage\"},\"image\":{\"@id\":\"https:\\\/\\\/laspampas.gob.ec\\\/cotopaxi\\\/eventos\\\/#primaryimage\"},\"thumbnailUrl\":\"https:\\\/\\\/laspampas.gob.ec\\\/cotopaxi\\\/wp-content\\\/uploads\\\/2024\\\/05\\\/poli.jpg\",\"datePublished\":\"2024-05-10T17:45:25+00:00\",\"dateModified\":\"2025-01-09T14:50:41+00:00\",\"breadcrumb\":{\"@id\":\"https:\\\/\\\/laspampas.gob.ec\\\/cotopaxi\\\/eventos\\\/#breadcrumb\"},\"inLanguage\":\"es\",\"potentialAction\":[{\"@type\":\"ReadAction\",\"target\":[\"https:\\\/\\\/laspampas.gob.ec\\\/cotopaxi\\\/eventos\\\/\"]}]},{\"@type\":\"ImageObject\",\"inLanguage\":\"es\",\"@id\":\"https:\\\/\\\/laspampas.gob.ec\\\/cotopaxi\\\/eventos\\\/#primaryimage\",\"url\":\"https:\\\/\\\/laspampas.gob.ec\\\/cotopaxi\\\/wp-content\\\/uploads\\\/2024\\\/05\\\/poli.jpg\",\"contentUrl\":\"https:\\\/\\\/laspampas.gob.ec\\\/cotopaxi\\\/wp-content\\\/uploads\\\/2024\\\/05\\\/poli.jpg\",\"width\":506,\"height\":320},{\"@type\":\"BreadcrumbList\",\"@id\":\"https:\\\/\\\/laspampas.gob.ec\\\/cotopaxi\\\/eventos\\\/#breadcrumb\",\"itemListElement\":[{\"@type\":\"ListItem\",\"position\":1,\"name\":\"Home\",\"item\":\"https:\\\/\\\/laspampas.gob.ec\\\/cotopaxi\\\/\"},{\"@type\":\"ListItem\",\"position\":2,\"name\":\"2024\"}]},{\"@type\":\"WebSite\",\"@id\":\"https:\\\/\\\/laspampas.gob.ec\\\/cotopaxi\\\/#website\",\"url\":\"https:\\\/\\\/laspampas.gob.ec\\\/cotopaxi\\\/\",\"name\":\"GAD Parroquial de las Pampas\",\"description\":\"Sitio Oficial del GAD Parroquial de Palo Quemado Cotopaxi\",\"publisher\":{\"@id\":\"https:\\\/\\\/laspampas.gob.ec\\\/cotopaxi\\\/#organization\"},\"potentialAction\":[{\"@type\":\"SearchAction\",\"target\":{\"@type\":\"EntryPoint\",\"urlTemplate\":\"https:\\\/\\\/laspampas.gob.ec\\\/cotopaxi\\\/?s={search_term_string}\"},\"query-input\":{\"@type\":\"PropertyValueSpecification\",\"valueRequired\":true,\"valueName\":\"search_term_string\"}}],\"inLanguage\":\"es\"},{\"@type\":\"Organization\",\"@id\":\"https:\\\/\\\/laspampas.gob.ec\\\/cotopaxi\\\/#organization\",\"name\":\"GAD Parroquial de Las Pampas\",\"url\":\"https:\\\/\\\/laspampas.gob.ec\\\/cotopaxi\\\/\",\"logo\":{\"@type\":\"ImageObject\",\"inLanguage\":\"es\",\"@id\":\"https:\\\/\\\/laspampas.gob.ec\\\/cotopaxi\\\/#\\\/schema\\\/logo\\\/image\\\/\",\"url\":\"https:\\\/\\\/laspampas.gob.ec\\\/cotopaxi\\\/wp-content\\\/uploads\\\/2020\\\/06\\\/logoFooter.png\",\"contentUrl\":\"https:\\\/\\\/laspampas.gob.ec\\\/cotopaxi\\\/wp-content\\\/uploads\\\/2020\\\/06\\\/logoFooter.png\",\"width\":160,\"height\":156,\"caption\":\"GAD Parroquial de Las Pampas\"},\"image\":{\"@id\":\"https:\\\/\\\/laspampas.gob.ec\\\/cotopaxi\\\/#\\\/schema\\\/logo\\\/image\\\/\"}}]}<\/script>\n<!-- \/ Yoast SEO plugin. -->","yoast_head_json":{"title":"2024 - GAD parroquial Las Pampas","robots":{"index":"index","follow":"follow","max-snippet":"max-snippet:-1","max-image-preview":"max-image-preview:large","max-video-preview":"max-video-preview:-1"},"canonical":"https:\/\/laspampas.gob.ec\/cotopaxi\/eventos\/","og_locale":"es_ES","og_type":"article","og_title":"2024 - GAD parroquial Las Pampas","og_description":"\u00abReuni\u00f3n con la Tenencia Pol\u00edtica, Polic\u00eda Nacional para la seguridad de la ciudadan\u00eda\u00bb Fecha: 09 de enero de 2024 \u00abSocializaci\u00f3n del PDOT de la Parroquia Las Pampas para el periodo 2023 &#8211; 2027\u00bb Fecha: 08 de febrero de 2024 \u00abSocializaci\u00f3n del PDOT de la Parroquia Las Pampas para el periodo 2023 &#8211; 2027\u00bb Fecha: 14 [&hellip;]","og_url":"https:\/\/laspampas.gob.ec\/cotopaxi\/eventos\/","og_site_name":"GAD parroquial Las Pampas","article_modified_time":"2025-01-09T14:50:41+00:00","og_image":[{"width":506,"height":320,"url":"https:\/\/laspampas.gob.ec\/cotopaxi\/wp-content\/uploads\/2024\/05\/poli.jpg","type":"image\/jpeg"}],"twitter_card":"summary_large_image","twitter_misc":{"Tiempo de lectura":"5 minutos"},"schema":{"@context":"https:\/\/schema.org","@graph":[{"@type":"WebPage","@id":"https:\/\/laspampas.gob.ec\/cotopaxi\/eventos\/","url":"https:\/\/laspampas.gob.ec\/cotopaxi\/eventos\/","name":"2024 - GAD parroquial Las Pampas","isPartOf":{"@id":"https:\/\/laspampas.gob.ec\/cotopaxi\/#website"},"primaryImageOfPage":{"@id":"https:\/\/laspampas.gob.ec\/cotopaxi\/eventos\/#primaryimage"},"image":{"@id":"https:\/\/laspampas.gob.ec\/cotopaxi\/eventos\/#primaryimage"},"thumbnailUrl":"https:\/\/laspampas.gob.ec\/cotopaxi\/wp-content\/uploads\/2024\/05\/poli.jpg","datePublished":"2024-05-10T17:45:25+00:00","dateModified":"2025-01-09T14:50:41+00:00","breadcrumb":{"@id":"https:\/\/laspampas.gob.ec\/cotopaxi\/eventos\/#breadcrumb"},"inLanguage":"es","potentialAction":[{"@type":"ReadAction","target":["https:\/\/laspampas.gob.ec\/cotopaxi\/eventos\/"]}]},{"@type":"ImageObject","inLanguage":"es","@id":"https:\/\/laspampas.gob.ec\/cotopaxi\/eventos\/#primaryimage","url":"https:\/\/laspampas.gob.ec\/cotopaxi\/wp-content\/uploads\/2024\/05\/poli.jpg","contentUrl":"https:\/\/laspampas.gob.ec\/cotopaxi\/wp-content\/uploads\/2024\/05\/poli.jpg","width":506,"height":320},{"@type":"BreadcrumbList","@id":"https:\/\/laspampas.gob.ec\/cotopaxi\/eventos\/#breadcrumb","itemListElement":[{"@type":"ListItem","position":1,"name":"Home","item":"https:\/\/laspampas.gob.ec\/cotopaxi\/"},{"@type":"ListItem","position":2,"name":"2024"}]},{"@type":"WebSite","@id":"https:\/\/laspampas.gob.ec\/cotopaxi\/#website","url":"https:\/\/laspampas.gob.ec\/cotopaxi\/","name":"GAD Parroquial de las Pampas","description":"Sitio Oficial del GAD Parroquial de Palo Quemado Cotopaxi","publisher":{"@id":"https:\/\/laspampas.gob.ec\/cotopaxi\/#organization"},"potentialAction":[{"@type":"SearchAction","target":{"@type":"EntryPoint","urlTemplate":"https:\/\/laspampas.gob.ec\/cotopaxi\/?s={search_term_string}"},"query-input":{"@type":"PropertyValueSpecification","valueRequired":true,"valueName":"search_term_string"}}],"inLanguage":"es"},{"@type":"Organization","@id":"https:\/\/laspampas.gob.ec\/cotopaxi\/#organization","name":"GAD Parroquial de Las Pampas","url":"https:\/\/laspampas.gob.ec\/cotopaxi\/","logo":{"@type":"ImageObject","inLanguage":"es","@id":"https:\/\/laspampas.gob.ec\/cotopaxi\/#\/schema\/logo\/image\/","url":"https:\/\/laspampas.gob.ec\/cotopaxi\/wp-content\/uploads\/2020\/06\/logoFooter.png","contentUrl":"https:\/\/laspampas.gob.ec\/cotopaxi\/wp-content\/uploads\/2020\/06\/logoFooter.png","width":160,"height":156,"caption":"GAD Parroquial de Las Pampas"},"image":{"@id":"https:\/\/laspampas.gob.ec\/cotopaxi\/#\/schema\/logo\/image\/"}}]}},"_links":{"self":[{"href":"https:\/\/laspampas.gob.ec\/cotopaxi\/wp-json\/wp\/v2\/pages\/3386","targetHints":{"allow":["GET"]}}],"collection":[{"href":"https:\/\/laspampas.gob.ec\/cotopaxi\/wp-json\/wp\/v2\/pages"}],"about":[{"href":"https:\/\/laspampas.gob.ec\/cotopaxi\/wp-json\/wp\/v2\/types\/page"}],"author":[{"embeddable":true,"href":"https:\/\/laspampas.gob.ec\/cotopaxi\/wp-json\/wp\/v2\/users\/2"}],"replies":[{"embeddable":true,"href":"https:\/\/laspampas.gob.ec\/cotopaxi\/wp-json\/wp\/v2\/comments?post=3386"}],"version-history":[{"count":15,"href":"https:\/\/laspampas.gob.ec\/cotopaxi\/wp-json\/wp\/v2\/pages\/3386\/revisions"}],"predecessor-version":[{"id":4059,"href":"https:\/\/laspampas.gob.ec\/cotopaxi\/wp-json\/wp\/v2\/pages\/3386\/revisions\/4059"}],"wp:attachment":[{"href":"https:\/\/laspampas.gob.ec\/cotopaxi\/wp-json\/wp\/v2\/media?parent=3386"}],"curies":[{"name":"wp","href":"https:\/\/api.w.org\/{rel}","templated":true}]}}