{"id":2094,"date":"2023-01-01T11:39:07","date_gmt":"2023-01-01T15:39:07","guid":{"rendered":"https:\/\/laspampas.gob.ec\/cotopaxi\/?page_id=2094"},"modified":"2024-06-27T14:54:58","modified_gmt":"2024-06-27T18:54:58","slug":"rendicion-de-cuentas-2023","status":"publish","type":"page","link":"https:\/\/laspampas.gob.ec\/cotopaxi\/rendicion-de-cuentas-2023\/","title":{"rendered":"Rendici\u00f3n de Cuentas 2023"},"content":{"rendered":"<blockquote>\n<p style=\"text-align: center;\"><span style=\"color: #339966; font-size: 18pt;\"><strong>RENDICION DE CUENTAS A\u00d1O 2023<\/strong><\/span><\/p>\n<p><img loading=\"lazy\" decoding=\"async\" class=\"wp-image-3488 aligncenter\" src=\"https:\/\/laspampas.gob.ec\/cotopaxi\/wp-content\/uploads\/2024\/05\/Logo.jpg\" alt=\"\" width=\"153\" height=\"74\" \/><\/p>\n<p style=\"text-align: center;\"><span style=\"font-family: 'book antiqua', palatino, serif; color: #800080; font-size: 14pt;\">Informe de Rendici\u00f3n de Cuentas del Gobierno Aut\u00f3nomo Descentralizado Parroquial Rural de Las Pampas Periodo 2023.<\/span><\/p>\n<p style=\"text-align: center;\"><span style=\"font-size: 14pt;\"><a href=\"https:\/\/laspampas.gob.ec\/cotopaxi\/wp-content\/uploads\/2024\/05\/1.-La-entidad-difundio-el-informe-de-rendicion-de-cuentas-a-traves-de-que-medio.pdf\">Informe de Rendici\u00f3n de Cuentas\u00a0<\/a><\/span><\/p>\n<\/blockquote>\n<blockquote>\n<p style=\"text-align: center;\"><strong>FASE 1<\/strong><\/p>\n<\/blockquote>\n<p><a href=\"https:\/\/laspampas.gob.ec\/cotopaxi\/wp-content\/uploads\/2024\/05\/1.-Conformacion-del-equipo-de-rendicion-de-cuentas-del-GAD.pdf\">1. Conformaci\u00f3n del equipo de rendici\u00f3n de cuentas del GAD<\/a><\/p>\n<p><a href=\"https:\/\/laspampas.gob.ec\/cotopaxi\/wp-content\/uploads\/2024\/05\/2.-Conformacion-del-equipo-de-rendicion-de-cuentas-del-ACL.pdf\">2. Conformaci\u00f3n del equipo de rendici\u00f3n de cuentas del ACL<\/a><\/p>\n<p><a href=\"https:\/\/laspampas.gob.ec\/cotopaxi\/wp-content\/uploads\/2024\/05\/3.-Acta-elaboracion-de-Hoja-de-Ruta-y-Mapeo-de-actores-sociales..pdf\">3. Elaboraci\u00f3n de Hoja de Ruta y Mapeo de actores sociales.<\/a><\/p>\n<p><a href=\"https:\/\/laspampas.gob.ec\/cotopaxi\/wp-content\/uploads\/2024\/06\/3.1-Reforma-a-la-hoja-de-ruta-de-acuerdo-al-Oficio-Nro.-CPCCS-DCOT-2024-0192-OF.pdf\">3.1 Reforma a la hoja de ruta de acuerdo al Oficio Nro. CPCCS-DCOT-2024 -0192 &#8211; OF<\/a><\/p>\n<p><a href=\"https:\/\/laspampas.gob.ec\/cotopaxi\/wp-content\/uploads\/2024\/05\/4.-Entrega-de-documentos-por-parte-de-GAD-POA-PDOT-Plan-de-Trabajo-y-Presupuesto-Participativo-y-Institucional.pdf\">4. Entrega de documentos por parte de GAD (POA, PDOT, Plan de Trabajo, y Presupuesto Participativo y Institucional)<\/a><\/p>\n<p><a href=\"https:\/\/laspampas.gob.ec\/cotopaxi\/wp-content\/uploads\/2024\/06\/5.-Consulta-Ciudadana-Entrega-Recepcion-de-Temas-1.pdf\">5. Consulta Ciudadana &#8211; Entrega Recepci\u00f3n de Temas<\/a><\/p>\n<p><a href=\"https:\/\/laspampas.gob.ec\/cotopaxi\/wp-content\/uploads\/2024\/05\/6.-Conformacion-del-Equipo-Mixto.pdf\">6. Conformaci\u00f3n del Equipo Mixto<\/a><\/p>\n<blockquote>\n<p style=\"text-align: center;\">FASE 2<\/p>\n<\/blockquote>\n<p><a href=\"https:\/\/laspampas.gob.ec\/cotopaxi\/wp-content\/uploads\/2024\/06\/1.-Evaluacion-de-la-gestion-institucional.pdf\">1.-Evaluacion-de-la-gestion-institucional<\/a><\/p>\n<p><a href=\"https:\/\/laspampas.gob.ec\/cotopaxi\/wp-content\/uploads\/2024\/05\/2.-Informe-de-Rendicion-de-Cuentas-1.pdf\">2. Informe de Rendici\u00f3n de Cuentas<\/a><\/p>\n<p><a href=\"https:\/\/laspampas.gob.ec\/cotopaxi\/wp-content\/uploads\/2024\/06\/3.-Formulario-de-Rendicion-de-Cuentas.pdf\">3. Formulario de Rendici\u00f3n de Cuentas<\/a><\/p>\n<p><a href=\"https:\/\/laspampas.gob.ec\/cotopaxi\/wp-content\/uploads\/2024\/05\/4.-Aprobacion-del-Informe-y-formulario-de-Rendicion-de-Cuentas..pdf\">4. Aprobaci\u00f3n del Informe y formulario de Rendici\u00f3n de Cuentas.<\/a><\/p>\n<p><a href=\"https:\/\/laspampas.gob.ec\/cotopaxi\/wp-content\/uploads\/2024\/05\/5.-Informe-de-Rendicionde-cuentas-entregado-a-la-ACL-1.pdf\">5. Informe de Rendici\u00f3n de cuentas entregado a la ACL<\/a><\/p>\n<blockquote>\n<p style=\"text-align: center;\"><strong>FASE 3<\/strong><\/p>\n<\/blockquote>\n<p><a href=\"https:\/\/laspampas.gob.ec\/cotopaxi\/wp-content\/uploads\/2024\/05\/1.La-entidad-difundio-el-Informe-de-Rendicion-de-cuentas-a-traves-de-que-medios.pdf\">1.La entidad difundi\u00f3 el Informe de Rendici\u00f3n de cuentas a trav\u00e9s de que medios<\/a><\/p>\n<p><a href=\"https:\/\/laspampas.gob.ec\/cotopaxi\/wp-content\/uploads\/2024\/06\/2.-Invitacion-a-la-deliberacion-publica.pdf\">2. Invitaci\u00f3n a la deliberaci\u00f3n p\u00fablica<\/a><\/p>\n<p><img loading=\"lazy\" decoding=\"async\" class=\" wp-image-3465 aligncenter\" src=\"https:\/\/laspampas.gob.ec\/cotopaxi\/wp-content\/uploads\/2024\/05\/WhatsApp-Image-2024-05-08-at-12.17.37-550x550.jpeg\" alt=\"\" width=\"358\" height=\"358\" srcset=\"https:\/\/laspampas.gob.ec\/cotopaxi\/wp-content\/uploads\/2024\/05\/WhatsApp-Image-2024-05-08-at-12.17.37-550x550.jpeg 550w, https:\/\/laspampas.gob.ec\/cotopaxi\/wp-content\/uploads\/2024\/05\/WhatsApp-Image-2024-05-08-at-12.17.37-1024x1024.jpeg 1024w, https:\/\/laspampas.gob.ec\/cotopaxi\/wp-content\/uploads\/2024\/05\/WhatsApp-Image-2024-05-08-at-12.17.37-150x150.jpeg 150w, https:\/\/laspampas.gob.ec\/cotopaxi\/wp-content\/uploads\/2024\/05\/WhatsApp-Image-2024-05-08-at-12.17.37-768x768.jpeg 768w, https:\/\/laspampas.gob.ec\/cotopaxi\/wp-content\/uploads\/2024\/05\/WhatsApp-Image-2024-05-08-at-12.17.37.jpeg 1080w\" sizes=\"auto, (max-width: 358px) 100vw, 358px\" \/><\/p>\n<p>&nbsp;<\/p>\n<p>3-4.La deliberaci\u00f3n p\u00fablica se realizo de forma presencial y se transmiti\u00f3 en vivo<\/p>\n<div style=\"width: 432px;\" class=\"wp-video\"><!--[if lt IE 9]><script>document.createElement('video');<\/script><![endif]-->\n<video class=\"wp-video-shortcode\" id=\"video-2094-1\" width=\"432\" height=\"768\" preload=\"metadata\" controls=\"controls\"><source type=\"video\/mp4\" src=\"https:\/\/laspampas.gob.ec\/cotopaxi\/wp-content\/uploads\/2024\/05\/An_jX2NiZ6F4F5zliP0JceKsMdHGHfMI9_8eDdzEpghqOIgaXB9ERlVxh2OWybJ_dnuApPLM7hMUOyGpeJ_k9NWz.mp4?_=1\" \/><a href=\"https:\/\/laspampas.gob.ec\/cotopaxi\/wp-content\/uploads\/2024\/05\/An_jX2NiZ6F4F5zliP0JceKsMdHGHfMI9_8eDdzEpghqOIgaXB9ERlVxh2OWybJ_dnuApPLM7hMUOyGpeJ_k9NWz.mp4\">https:\/\/laspampas.gob.ec\/cotopaxi\/wp-content\/uploads\/2024\/05\/An_jX2NiZ6F4F5zliP0JceKsMdHGHfMI9_8eDdzEpghqOIgaXB9ERlVxh2OWybJ_dnuApPLM7hMUOyGpeJ_k9NWz.mp4<\/a><\/video><\/div>\n<p><a href=\"https:\/\/www.facebook.com\/100092274295705\/videos\/815938909961895\/\">https:\/\/www.facebook.com\/100092274295705\/videos\/815938909961895\/<\/a><\/p>\n<p><a href=\"https:\/\/laspampas.gob.ec\/cotopaxi\/wp-content\/uploads\/2024\/06\/La-maxima-autoridad-expuso-su-informe-de-rendicion-de-cuentas.pdf\">5.La m\u00e1xima autoridad expuso su informe de rendici\u00f3n de cuentas<\/a><\/p>\n<p><a href=\"https:\/\/laspampas.gob.ec\/cotopaxi\/wp-content\/uploads\/2024\/06\/6.-La-maxima-autoridad-respondio-las-demandas-ciudadanas.pdf\">6. La m\u00e1xima autoridad respondi\u00f3 las demandas ciudadanas<\/a><\/p>\n<p><a href=\"https:\/\/laspampas.gob.ec\/cotopaxi\/wp-content\/uploads\/2024\/06\/Acta-de-Deliberacion-Publica-del-periodo-2023.pdf\">7-8. Acta de Deliberaci\u00f3n P\u00fablica del periodo 2023<\/a><\/p>\n<p><a href=\"https:\/\/laspampas.gob.ec\/cotopaxi\/wp-content\/uploads\/2024\/06\/Diapositivas-de-la-Deliberacion-Publica-del-periodo-2023.pdf\">7-8.Diapositivas de la Deliberaci\u00f3n P\u00fablica del periodo 2023<\/a><\/p>\n<p><a href=\"https:\/\/laspampas.gob.ec\/cotopaxi\/wp-content\/uploads\/2024\/06\/8.-Los-ciudadanos-firmaron-en-acta-de-acuerdos-sugerencias.pdf\">9. Los ciudadanos firmaron en acta de acuerdos, sugerencias<\/a><\/p>\n<blockquote>\n<p style=\"text-align: center;\"><strong>FASE 4<\/strong><\/p>\n<\/blockquote>\n<p><a href=\"https:\/\/laspampas.gob.ec\/cotopaxi\/wp-content\/uploads\/2024\/06\/1.-La-entidad-elabiro-el-Plan-de-Trabajo-a-la-ACL.pdf\">1. La entidad elabor\u00f3 el Plan de Trabajo a la ACL<\/a><\/p>\n<p><a href=\"https:\/\/laspampas.gob.ec\/cotopaxi\/wp-content\/uploads\/2024\/06\/2.-La-entidad-entrego-el-Plan-de-Trabajo-a-la-ACL.pdf\">2. La entidad entrego el Plan de Trabajo a la ACL<\/a><\/p>\n<blockquote>\n<p style=\"text-align: center;\"><strong>DOCUMENTOS<\/strong><\/p>\n<\/blockquote>\n<p><a href=\"https:\/\/laspampas.gob.ec\/cotopaxi\/wp-content\/uploads\/2024\/05\/1.-Obra-ejecutado-en-el-ano-2023.pdf\">POA &#8211; Obra ejecutado en el a\u00f1o 2023<\/a><\/p>\n<p><a href=\"https:\/\/laspampas.gob.ec\/cotopaxi\/wp-content\/uploads\/2024\/05\/CEDULA-PRESUPUESTARIA-DE-GASTOS-2023-signed-signed-1.pdf\">CEDULA PRESUPUESTARIA DE GASTOS 2023-signed-signed<\/a><\/p>\n<p><a href=\"https:\/\/laspampas.gob.ec\/cotopaxi\/wp-content\/uploads\/2024\/06\/PRESUPUESTO-PARTICIPATIVO-2023-ADM-2019-2023.pdf\">PRESUPUESTO PARTICIPATIVO 2023 ADM 2019-2023<\/a><\/p>\n<p><a href=\"https:\/\/laspampas.gob.ec\/cotopaxi\/wp-content\/uploads\/2024\/06\/PRESUPUESTO-PARTICIPATIVO-2023-ADM-2023-2027.pdf\">PRESUPUESTO PARTICIPATIVO 2023 ADM 2023-2027<\/a><\/p>\n<p><a href=\"https:\/\/laspampas.gob.ec\/cotopaxi\/wp-content\/uploads\/2024\/06\/PRESUPUESTO-PARTICIPATIVO-2023.pdf\">PRESUPUESTO PARTICIPATIVO 2023<\/a><\/p>\n<p><a href=\"https:\/\/laspampas.gob.ec\/cotopaxi\/wp-content\/uploads\/2024\/06\/ANTEPROYECTO-DEL-PRESUPUESTO-2023-ADM-2023-2027.pdf\">ANTEPROYECTO DEL PRESUPUESTO 2023 ADM 2023-2027<\/a><\/p>\n<p><a href=\"https:\/\/laspampas.gob.ec\/cotopaxi\/wp-content\/uploads\/2024\/06\/ANTEPROYECTO-DEL-PRESUPUESTO-2023-ADM-2019-2023.pdf\">ANTEPROYECTO DEL PRESUPUESTO 2023 ADM 2019-2023<\/a><\/p>\n<p><a href=\"https:\/\/laspampas.gob.ec\/cotopaxi\/wp-content\/uploads\/2024\/06\/POA-PERIODO-2023.pdf\">POA PERIODO 2023<\/a><\/p>\n<p><a href=\"https:\/\/laspampas.gob.ec\/cotopaxi\/wp-content\/uploads\/2024\/06\/INFORME-DE-SATISFACCION-OK-SIN-ANEXOS-signed-signed.pdf\">INFORME DE SATISFACCI\u00d3N OK -signed-signed<\/a><\/p>\n<p><a href=\"https:\/\/laspampas.gob.ec\/cotopaxi\/wp-content\/uploads\/2024\/06\/Informe-de-Satisfaccion-signed-signed.pdf\">Informe de Satisfacci\u00f3n-signed-signed<\/a><\/p>\n<p><a href=\"https:\/\/laspampas.gob.ec\/cotopaxi\/wp-content\/uploads\/2024\/06\/INFORME-DEL-PROYECTO-signed-signed.pdf\">INFORME DEL PROYECTO-signed-signed<\/a><\/p>\n<p><a href=\"https:\/\/laspampas.gob.ec\/cotopaxi\/wp-content\/uploads\/2024\/06\/Informe-de-Satisfaccion-signed-signed-1.pdf\">Informe de Satisfacci\u00f3n-signed-signed<\/a><\/p>\n<p><a href=\"https:\/\/laspampas.gob.ec\/cotopaxi\/wp-content\/uploads\/2024\/06\/Acta-de-conformacion-de-la-ACL.pdf\">Acta de conformaci\u00f3n de la ACL<\/a><\/p>\n<p><a href=\"https:\/\/laspampas.gob.ec\/cotopaxi\/wp-content\/uploads\/2024\/06\/Codigo-Organico.pdf\">C\u00f3digo Org\u00e1nico<\/a><\/p>\n<p><a href=\"https:\/\/laspampas.gob.ec\/cotopaxi\/wp-content\/uploads\/2024\/06\/Asamblea-parroquial.pdf\">Asamblea parroquial<\/a><\/p>\n<p><a href=\"https:\/\/laspampas.gob.ec\/cotopaxi\/wp-content\/uploads\/2024\/06\/Concejo-local-de-Planificacion.pdf\">Concejo local de Planificaci\u00f3n<\/a><\/p>\n<p><a href=\"https:\/\/laspampas.gob.ec\/cotopaxi\/wp-content\/uploads\/2024\/06\/DPCPX-0005-2022-1.pdf\">DPCPX-0005-2022<\/a><\/p>\n<p><a href=\"https:\/\/laspampas.gob.ec\/cotopaxi\/wp-content\/uploads\/2024\/06\/Informe-CGE.pdf\">Informe de seguimiento de recomendaciones\u00a0<\/a><\/p>\n<blockquote>\n<p style=\"text-align: center;\"><strong>INFORME DE RENDICI\u00d3N DE CUENTAS<\/strong><\/p>\n<\/blockquote>\n<p><span style=\"font-size: 12pt;\"><a href=\"https:\/\/laspampas.gob.ec\/cotopaxi\/wp-content\/uploads\/2024\/06\/INFORME-DE-RENDICION-DE-CUENTAS-No-13271.pdf\">INFORME DE RENDICI\u00d3N DE CUENTAS No 13271<\/a><\/span><\/p>\n","protected":false},"excerpt":{"rendered":"<p>RENDICION DE CUENTAS A\u00d1O 2023 Informe de Rendici\u00f3n de Cuentas del Gobierno Aut\u00f3nomo Descentralizado Parroquial Rural de Las Pampas Periodo 2023. Informe de Rendici\u00f3n de Cuentas\u00a0 FASE 1 1. Conformaci\u00f3n del equipo de rendici\u00f3n de cuentas del GAD 2. Conformaci\u00f3n del equipo de rendici\u00f3n de cuentas del ACL 3. Elaboraci\u00f3n de Hoja de Ruta y [&hellip;]<\/p>\n","protected":false},"author":2,"featured_media":0,"parent":0,"menu_order":0,"comment_status":"closed","ping_status":"closed","template":"","meta":{"footnotes":""},"class_list":["post-2094","page","type-page","status-publish","hentry"],"yoast_head":"<!-- This site is optimized with the Yoast SEO plugin v24.2 - https:\/\/yoast.com\/wordpress\/plugins\/seo\/ -->\n<title>Rendici\u00f3n de Cuentas 2023 - GAD parroquial Las Pampas<\/title>\n<meta name=\"robots\" content=\"index, follow, max-snippet:-1, max-image-preview:large, max-video-preview:-1\" \/>\n<link rel=\"canonical\" href=\"https:\/\/laspampas.gob.ec\/cotopaxi\/rendicion-de-cuentas-2023\/\" \/>\n<meta property=\"og:locale\" content=\"es_ES\" \/>\n<meta property=\"og:type\" content=\"article\" \/>\n<meta property=\"og:title\" content=\"Rendici\u00f3n de Cuentas 2023 - GAD parroquial Las Pampas\" \/>\n<meta property=\"og:description\" content=\"RENDICION DE CUENTAS A\u00d1O 2023 Informe de Rendici\u00f3n de Cuentas del Gobierno Aut\u00f3nomo Descentralizado Parroquial Rural de Las Pampas Periodo 2023. Informe de Rendici\u00f3n de Cuentas\u00a0 FASE 1 1. Conformaci\u00f3n del equipo de rendici\u00f3n de cuentas del GAD 2. Conformaci\u00f3n del equipo de rendici\u00f3n de cuentas del ACL 3. Elaboraci\u00f3n de Hoja de Ruta y [&hellip;]\" \/>\n<meta property=\"og:url\" content=\"https:\/\/laspampas.gob.ec\/cotopaxi\/rendicion-de-cuentas-2023\/\" \/>\n<meta property=\"og:site_name\" content=\"GAD parroquial Las Pampas\" \/>\n<meta property=\"article:modified_time\" content=\"2024-06-27T18:54:58+00:00\" \/>\n<meta property=\"og:image\" content=\"https:\/\/laspampas.gob.ec\/cotopaxi\/wp-content\/uploads\/2024\/05\/Logo.jpg\" \/>\n<meta name=\"twitter:card\" content=\"summary_large_image\" \/>\n<meta name=\"twitter:label1\" content=\"Tiempo de lectura\" \/>\n\t<meta name=\"twitter:data1\" content=\"2 minutos\" \/>\n<script type=\"application\/ld+json\" class=\"yoast-schema-graph\">{\"@context\":\"https:\/\/schema.org\",\"@graph\":[{\"@type\":\"WebPage\",\"@id\":\"https:\/\/laspampas.gob.ec\/cotopaxi\/rendicion-de-cuentas-2023\/\",\"url\":\"https:\/\/laspampas.gob.ec\/cotopaxi\/rendicion-de-cuentas-2023\/\",\"name\":\"Rendici\u00f3n de Cuentas 2023 - GAD parroquial Las Pampas\",\"isPartOf\":{\"@id\":\"https:\/\/laspampas.gob.ec\/cotopaxi\/#website\"},\"primaryImageOfPage\":{\"@id\":\"https:\/\/laspampas.gob.ec\/cotopaxi\/rendicion-de-cuentas-2023\/#primaryimage\"},\"image\":{\"@id\":\"https:\/\/laspampas.gob.ec\/cotopaxi\/rendicion-de-cuentas-2023\/#primaryimage\"},\"thumbnailUrl\":\"https:\/\/laspampas.gob.ec\/cotopaxi\/wp-content\/uploads\/2024\/05\/Logo.jpg\",\"datePublished\":\"2023-01-01T15:39:07+00:00\",\"dateModified\":\"2024-06-27T18:54:58+00:00\",\"breadcrumb\":{\"@id\":\"https:\/\/laspampas.gob.ec\/cotopaxi\/rendicion-de-cuentas-2023\/#breadcrumb\"},\"inLanguage\":\"es\",\"potentialAction\":[{\"@type\":\"ReadAction\",\"target\":[\"https:\/\/laspampas.gob.ec\/cotopaxi\/rendicion-de-cuentas-2023\/\"]}]},{\"@type\":\"ImageObject\",\"inLanguage\":\"es\",\"@id\":\"https:\/\/laspampas.gob.ec\/cotopaxi\/rendicion-de-cuentas-2023\/#primaryimage\",\"url\":\"https:\/\/laspampas.gob.ec\/cotopaxi\/wp-content\/uploads\/2024\/05\/Logo.jpg\",\"contentUrl\":\"https:\/\/laspampas.gob.ec\/cotopaxi\/wp-content\/uploads\/2024\/05\/Logo.jpg\",\"width\":535,\"height\":259},{\"@type\":\"BreadcrumbList\",\"@id\":\"https:\/\/laspampas.gob.ec\/cotopaxi\/rendicion-de-cuentas-2023\/#breadcrumb\",\"itemListElement\":[{\"@type\":\"ListItem\",\"position\":1,\"name\":\"Home\",\"item\":\"https:\/\/laspampas.gob.ec\/cotopaxi\/\"},{\"@type\":\"ListItem\",\"position\":2,\"name\":\"Rendici\u00f3n de Cuentas 2023\"}]},{\"@type\":\"WebSite\",\"@id\":\"https:\/\/laspampas.gob.ec\/cotopaxi\/#website\",\"url\":\"https:\/\/laspampas.gob.ec\/cotopaxi\/\",\"name\":\"GAD Parroquial de las Pampas\",\"description\":\"Sitio Oficial del GAD Parroquial de Palo Quemado Cotopaxi\",\"publisher\":{\"@id\":\"https:\/\/laspampas.gob.ec\/cotopaxi\/#organization\"},\"potentialAction\":[{\"@type\":\"SearchAction\",\"target\":{\"@type\":\"EntryPoint\",\"urlTemplate\":\"https:\/\/laspampas.gob.ec\/cotopaxi\/?s={search_term_string}\"},\"query-input\":{\"@type\":\"PropertyValueSpecification\",\"valueRequired\":true,\"valueName\":\"search_term_string\"}}],\"inLanguage\":\"es\"},{\"@type\":\"Organization\",\"@id\":\"https:\/\/laspampas.gob.ec\/cotopaxi\/#organization\",\"name\":\"GAD Parroquial de Las Pampas\",\"url\":\"https:\/\/laspampas.gob.ec\/cotopaxi\/\",\"logo\":{\"@type\":\"ImageObject\",\"inLanguage\":\"es\",\"@id\":\"https:\/\/laspampas.gob.ec\/cotopaxi\/#\/schema\/logo\/image\/\",\"url\":\"https:\/\/laspampas.gob.ec\/cotopaxi\/wp-content\/uploads\/2020\/06\/logoFooter.png\",\"contentUrl\":\"https:\/\/laspampas.gob.ec\/cotopaxi\/wp-content\/uploads\/2020\/06\/logoFooter.png\",\"width\":160,\"height\":156,\"caption\":\"GAD Parroquial de Las Pampas\"},\"image\":{\"@id\":\"https:\/\/laspampas.gob.ec\/cotopaxi\/#\/schema\/logo\/image\/\"}}]}<\/script>\n<!-- \/ Yoast SEO plugin. -->","yoast_head_json":{"title":"Rendici\u00f3n de Cuentas 2023 - GAD parroquial Las Pampas","robots":{"index":"index","follow":"follow","max-snippet":"max-snippet:-1","max-image-preview":"max-image-preview:large","max-video-preview":"max-video-preview:-1"},"canonical":"https:\/\/laspampas.gob.ec\/cotopaxi\/rendicion-de-cuentas-2023\/","og_locale":"es_ES","og_type":"article","og_title":"Rendici\u00f3n de Cuentas 2023 - GAD parroquial Las Pampas","og_description":"RENDICION DE CUENTAS A\u00d1O 2023 Informe de Rendici\u00f3n de Cuentas del Gobierno Aut\u00f3nomo Descentralizado Parroquial Rural de Las Pampas Periodo 2023. Informe de Rendici\u00f3n de Cuentas\u00a0 FASE 1 1. Conformaci\u00f3n del equipo de rendici\u00f3n de cuentas del GAD 2. Conformaci\u00f3n del equipo de rendici\u00f3n de cuentas del ACL 3. Elaboraci\u00f3n de Hoja de Ruta y [&hellip;]","og_url":"https:\/\/laspampas.gob.ec\/cotopaxi\/rendicion-de-cuentas-2023\/","og_site_name":"GAD parroquial Las Pampas","article_modified_time":"2024-06-27T18:54:58+00:00","og_image":[{"url":"https:\/\/laspampas.gob.ec\/cotopaxi\/wp-content\/uploads\/2024\/05\/Logo.jpg","type":"","width":"","height":""}],"twitter_card":"summary_large_image","twitter_misc":{"Tiempo de lectura":"2 minutos"},"schema":{"@context":"https:\/\/schema.org","@graph":[{"@type":"WebPage","@id":"https:\/\/laspampas.gob.ec\/cotopaxi\/rendicion-de-cuentas-2023\/","url":"https:\/\/laspampas.gob.ec\/cotopaxi\/rendicion-de-cuentas-2023\/","name":"Rendici\u00f3n de Cuentas 2023 - GAD parroquial Las Pampas","isPartOf":{"@id":"https:\/\/laspampas.gob.ec\/cotopaxi\/#website"},"primaryImageOfPage":{"@id":"https:\/\/laspampas.gob.ec\/cotopaxi\/rendicion-de-cuentas-2023\/#primaryimage"},"image":{"@id":"https:\/\/laspampas.gob.ec\/cotopaxi\/rendicion-de-cuentas-2023\/#primaryimage"},"thumbnailUrl":"https:\/\/laspampas.gob.ec\/cotopaxi\/wp-content\/uploads\/2024\/05\/Logo.jpg","datePublished":"2023-01-01T15:39:07+00:00","dateModified":"2024-06-27T18:54:58+00:00","breadcrumb":{"@id":"https:\/\/laspampas.gob.ec\/cotopaxi\/rendicion-de-cuentas-2023\/#breadcrumb"},"inLanguage":"es","potentialAction":[{"@type":"ReadAction","target":["https:\/\/laspampas.gob.ec\/cotopaxi\/rendicion-de-cuentas-2023\/"]}]},{"@type":"ImageObject","inLanguage":"es","@id":"https:\/\/laspampas.gob.ec\/cotopaxi\/rendicion-de-cuentas-2023\/#primaryimage","url":"https:\/\/laspampas.gob.ec\/cotopaxi\/wp-content\/uploads\/2024\/05\/Logo.jpg","contentUrl":"https:\/\/laspampas.gob.ec\/cotopaxi\/wp-content\/uploads\/2024\/05\/Logo.jpg","width":535,"height":259},{"@type":"BreadcrumbList","@id":"https:\/\/laspampas.gob.ec\/cotopaxi\/rendicion-de-cuentas-2023\/#breadcrumb","itemListElement":[{"@type":"ListItem","position":1,"name":"Home","item":"https:\/\/laspampas.gob.ec\/cotopaxi\/"},{"@type":"ListItem","position":2,"name":"Rendici\u00f3n de Cuentas 2023"}]},{"@type":"WebSite","@id":"https:\/\/laspampas.gob.ec\/cotopaxi\/#website","url":"https:\/\/laspampas.gob.ec\/cotopaxi\/","name":"GAD Parroquial de las Pampas","description":"Sitio Oficial del GAD Parroquial de Palo Quemado Cotopaxi","publisher":{"@id":"https:\/\/laspampas.gob.ec\/cotopaxi\/#organization"},"potentialAction":[{"@type":"SearchAction","target":{"@type":"EntryPoint","urlTemplate":"https:\/\/laspampas.gob.ec\/cotopaxi\/?s={search_term_string}"},"query-input":{"@type":"PropertyValueSpecification","valueRequired":true,"valueName":"search_term_string"}}],"inLanguage":"es"},{"@type":"Organization","@id":"https:\/\/laspampas.gob.ec\/cotopaxi\/#organization","name":"GAD Parroquial de Las Pampas","url":"https:\/\/laspampas.gob.ec\/cotopaxi\/","logo":{"@type":"ImageObject","inLanguage":"es","@id":"https:\/\/laspampas.gob.ec\/cotopaxi\/#\/schema\/logo\/image\/","url":"https:\/\/laspampas.gob.ec\/cotopaxi\/wp-content\/uploads\/2020\/06\/logoFooter.png","contentUrl":"https:\/\/laspampas.gob.ec\/cotopaxi\/wp-content\/uploads\/2020\/06\/logoFooter.png","width":160,"height":156,"caption":"GAD Parroquial de Las Pampas"},"image":{"@id":"https:\/\/laspampas.gob.ec\/cotopaxi\/#\/schema\/logo\/image\/"}}]}},"_links":{"self":[{"href":"https:\/\/laspampas.gob.ec\/cotopaxi\/wp-json\/wp\/v2\/pages\/2094","targetHints":{"allow":["GET"]}}],"collection":[{"href":"https:\/\/laspampas.gob.ec\/cotopaxi\/wp-json\/wp\/v2\/pages"}],"about":[{"href":"https:\/\/laspampas.gob.ec\/cotopaxi\/wp-json\/wp\/v2\/types\/page"}],"author":[{"embeddable":true,"href":"https:\/\/laspampas.gob.ec\/cotopaxi\/wp-json\/wp\/v2\/users\/2"}],"replies":[{"embeddable":true,"href":"https:\/\/laspampas.gob.ec\/cotopaxi\/wp-json\/wp\/v2\/comments?post=2094"}],"version-history":[{"count":30,"href":"https:\/\/laspampas.gob.ec\/cotopaxi\/wp-json\/wp\/v2\/pages\/2094\/revisions"}],"predecessor-version":[{"id":3778,"href":"https:\/\/laspampas.gob.ec\/cotopaxi\/wp-json\/wp\/v2\/pages\/2094\/revisions\/3778"}],"wp:attachment":[{"href":"https:\/\/laspampas.gob.ec\/cotopaxi\/wp-json\/wp\/v2\/media?parent=2094"}],"curies":[{"name":"wp","href":"https:\/\/api.w.org\/{rel}","templated":true}]}}