{"id":1664,"date":"2021-01-04T20:45:52","date_gmt":"2021-01-05T00:45:52","guid":{"rendered":"https:\/\/laspampas.gob.ec\/cotopaxi\/?page_id=1664"},"modified":"2022-05-30T17:38:41","modified_gmt":"2022-05-30T21:38:41","slug":"rendicion-de-cuentas-2021","status":"publish","type":"page","link":"https:\/\/laspampas.gob.ec\/cotopaxi\/rendicion-de-cuentas-2021\/","title":{"rendered":"Rendici\u00f3n de Cuentas 2021"},"content":{"rendered":"<div><\/div>\n<div><a href=\"http:\/\/www.gadmsigchos.gob.ec\/PAGINA2022\/CERTIFICADO%20LOTAIP2021.pdf\">Certificado de Presentaci\u00f3n de Informe Anual LOTAIP a\u00f1o 2021<\/a><\/div>\n<div><a href=\"https:\/\/laspampas.gob.ec\/cotopaxi\/wp-content\/uploads\/2022\/05\/ACTA-DE-ASAMBLEA-DE-PARTICIPACION-CIUDADANA-EN-LA-PRIORIZACION-DEL-GASTO-2021.pdf\">ACTA DE ASAMBLEA DE PARTICIPACION CIUDADANA EN LA PRIORIZACION DEL GASTO 2021<\/a><\/div>\n<div><a href=\"https:\/\/laspampas.gob.ec\/cotopaxi\/wp-content\/uploads\/2022\/05\/Calculo-definitivo-de-ingresos-y-limite-de-gastos-2021.pdf\">Calculo definitivo de ingresos y limite de gastos 2021<\/a><\/div>\n<div><a href=\"https:\/\/laspampas.gob.ec\/cotopaxi\/wp-content\/uploads\/2022\/05\/MECANISMOS-DE-CONTROL.pdf\">MECANISMOS DE CONTROL<\/a><\/div>\n<div><a href=\"https:\/\/laspampas.gob.ec\/cotopaxi\/wp-content\/uploads\/2022\/05\/ReporteInformeGad2021.pdf\">ReporteInformeGad2021<\/a><\/div>\n<div><a href=\"https:\/\/laspampas.gob.ec\/cotopaxi\/wp-content\/uploads\/2022\/05\/SRI-Servicios-en-Linea.pdf\">SRI &#8211; Servicios en L\u00ednea<\/a><\/div>\n<div>\n<div><strong>RENDICI\u00d3N DE CUENTAS<\/strong><\/div>\n<div><strong>\u00a0\u00a0<\/strong><\/div>\n<p><strong>Fase 1: Organizaci\u00f3n interna institucional<br \/>\n<\/strong><\/p>\n<ul>\n<li><a href=\"https:\/\/laspampas.gob.ec\/cotopaxi\/wp-content\/uploads\/2022\/05\/1.-La-asamblea-local-presenta-los-temas-sobre-los-que-desea-ser-informada.pdf\">1. La asamblea local presenta los temas sobre los que desea ser informada<\/a><\/li>\n<li><a href=\"https:\/\/laspampas.gob.ec\/cotopaxi\/wp-content\/uploads\/2022\/05\/2.-La-asamblea-local-y-la-entidad-crearan-el-equipo-tecnico-que-se-encargara-de-organizar-y-facilitar-el-proceso.pdf\">2. La asamblea local y la entidad crearan el equipo tecnico que se encargara de organizar y facilitar el proceso<\/a><\/li>\n<li><a href=\"https:\/\/laspampas.gob.ec\/cotopaxi\/wp-content\/uploads\/2022\/05\/3.-El-equipo-tecnico-y-autoridades-conformaron-2-subcomisiones.-una-liderada-por-la-entidad-y-otra-por-la-asamblea-ciudadana.pdf\">3. El equipo t\u00e9cnico y autoridades conformaron 2 subcomisiones. una liderada por la entidad y otra por la asamblea ciudadana<\/a><\/li>\n<li><a href=\"https:\/\/laspampas.gob.ec\/cotopaxi\/wp-content\/uploads\/2022\/05\/4.-Formulario-de-RC-como-el-Informe-de-RC-para-la-asamblea-fue-aprobada-por-la-maxima-autoridad.pdf\">4. Formulario de RC como el Informe de RC para la asamblea fue aprobada por la maxima autoridad<\/a><\/li>\n<\/ul>\n<p><strong>Fase 2: Elaboraci\u00f3n del informe de rendici\u00f3n de cuentas<br \/>\n<\/strong><\/p>\n<ul>\n<li><a href=\"https:\/\/laspampas.gob.ec\/cotopaxi\/wp-content\/uploads\/2022\/05\/1.-Evaluacion-de-la-gestion-institucional.pdf\">1. Evaluacion de la gestion institucional<\/a><\/li>\n<li><a href=\"https:\/\/laspampas.gob.ec\/cotopaxi\/wp-content\/uploads\/2022\/05\/2.-La-entidad-redacto-el-informe-de-rendicion-de-cuentas-para-la-ciudadania.pdf\">2. La entidad redacto el informe de rendicion de cuentas para la ciudadania<\/a><strong><br \/>\n<\/strong><\/li>\n<li><a href=\"https:\/\/laspampas.gob.ec\/cotopaxi\/wp-content\/uploads\/2022\/05\/3.-Formulario-de-Rendicion-de-Cuentas-2021.pdf\">3. Formulario de Rendicion de Cuentas 2021<\/a><\/li>\n<li><a href=\"https:\/\/laspampas.gob.ec\/cotopaxi\/wp-content\/uploads\/2022\/05\/4.-Formulario-de-RC-como-el-Informe-de-RC-para-la-asamblea-fue-aprobada-por-la-maxima-autoridad-1.pdf\">4. Formulario de RC como el Informe de RC para la asamblea fue aprobada por la maxima autoridad<\/a><\/li>\n<li><a href=\"https:\/\/laspampas.gob.ec\/cotopaxi\/wp-content\/uploads\/2022\/05\/4.1-Aprobacion-de-la-maxima-autoridad-anteproyecto-de-presupuesto-2021.pdf\">4.1 Aprobacion de la maxima autoridad anteproyecto de presupuesto 2021<\/a><\/li>\n<\/ul>\n<p><strong>Fase 3: Deliberaci\u00f3n p\u00fablica<br \/>\n<\/strong><\/p>\n<p><a href=\"https:\/\/laspampas.gob.ec\/cotopaxi\/wp-content\/uploads\/2022\/05\/1.-La-entidad-difundio-el-informe-de-rendicion-de-cuentas-a-traves-de-que-medio.pdf\">1. La entidad difundio el informe de rendicion de cuentas a traves de que medio<\/a><\/p>\n<p><a href=\"https:\/\/laspampas.gob.ec\/cotopaxi\/wp-content\/uploads\/2022\/05\/2.-La-entidad-invito-a-la-deliberacion-publica-de-la-rendicion-de-cuentas-del-ano-2021.pdf\">2. La entidad invito a la deliberacion publica de la rendicion de cuentas del a\u00f1o 2021<\/a><\/p>\n<p>3. <a href=\"https:\/\/laspampas.gob.ec\/cotopaxi\/wp-content\/uploads\/2022\/05\/3.-la-deliberacion-publica-y-evaluacion-ciudadana-del-informe-de-RC-2021-se-realizo-de-formar-presencial-.pdf\">3. la deliberacion publica y evaluacion ciudadana del informe de RC 2021 se realizo de formar presencial<\/a><\/p>\n<p>.<img loading=\"lazy\" decoding=\"async\" class=\"alignnone size-medium wp-image-2031\" src=\"https:\/\/laspampas.gob.ec\/cotopaxi\/wp-content\/uploads\/2022\/05\/WhatsApp-Image-2022-05-07-at-11.04.17-AM-550x413.jpeg\" alt=\"\" width=\"550\" height=\"413\" srcset=\"https:\/\/laspampas.gob.ec\/cotopaxi\/wp-content\/uploads\/2022\/05\/WhatsApp-Image-2022-05-07-at-11.04.17-AM-550x413.jpeg 550w, https:\/\/laspampas.gob.ec\/cotopaxi\/wp-content\/uploads\/2022\/05\/WhatsApp-Image-2022-05-07-at-11.04.17-AM-1024x768.jpeg 1024w, https:\/\/laspampas.gob.ec\/cotopaxi\/wp-content\/uploads\/2022\/05\/WhatsApp-Image-2022-05-07-at-11.04.17-AM-768x576.jpeg 768w, https:\/\/laspampas.gob.ec\/cotopaxi\/wp-content\/uploads\/2022\/05\/WhatsApp-Image-2022-05-07-at-11.04.17-AM.jpeg 1280w\" sizes=\"auto, (max-width: 550px) 100vw, 550px\" \/><\/p>\n<ul>\n<li><a href=\"https:\/\/laspampas.gob.ec\/cotopaxi\/wp-content\/uploads\/2022\/05\/4.-La-asamblea-ciudadana-conto-con-un-tiempo-de-exposicion-en-la-delibercion-publica-de-RC-2021.pdf\">4. La asamblea ciudadana conto con un tiempo de exposici\u00f3n en la delibercion publica de RC 2021<\/a><\/li>\n<li><a href=\"https:\/\/laspampas.gob.ec\/cotopaxi\/wp-content\/uploads\/2022\/05\/5.-Una-ves-que-la-asamble-ciudadana-expuso-sus-opiniones-la-maxima-autoridad-espuso-su-informe-de-rendicion-de-cuentas.pdf\">5. Una ves que la asamble ciudadana expuso sus opiniones la maxima autoridad espuso su informe de rendicion de cuentas<\/a><\/li>\n<li><a href=\"https:\/\/laspampas.gob.ec\/cotopaxi\/wp-content\/uploads\/2022\/05\/RENDICION-DE-CUENTAS-ANO-2021.pdf\">RENDICION DE CUENTAS A\u00d1O 2021<\/a><\/li>\n<li><a href=\"https:\/\/laspampas.gob.ec\/cotopaxi\/wp-content\/uploads\/2022\/05\/6.-En-la-deliberacion-publica-la-maxima-autoridad-responde-las-demandas-ciudadanas.pdf\">6. En la deliberacion publica la maxima autoridad responde las demandas ciudadanas<\/a><\/li>\n<li>7. <a href=\"https:\/\/laspampas.gob.ec\/cotopaxi\/wp-content\/uploads\/2022\/05\/7.-En-la-deliberacion-publica-de-RC-2021-los-ciudadanos-emitieron-las-recomendaciones.pdf\">7. En la deliberacion publica de RC 2021 los ciudadanos emitieron las recomendaciones<\/a><\/li>\n<li><\/li>\n<li><a href=\"http:\/\/gadmsigchos.gob.ec\/RendicionCuentas2021\/10.3.5.%20Acta%20Firmada%20por%20los%20Representantes%20Ciudadanos%20ok.pdf\"><strong>Deliberaci\u00f3n publica de rendici\u00f3n de cuentas\u00a0\u00a0<\/strong><\/a><\/li>\n<\/ul>\n<p><strong>Fase 4: Incorporaci\u00f3n de la opini\u00f3n ciudadana, retroalimentaci\u00f3n y seguimiento<br \/>\n<\/strong><\/p>\n<ul>\n<li><\/li>\n<\/ul>\n<\/div>\n<p>&nbsp;<\/p>\n","protected":false},"excerpt":{"rendered":"<p>Certificado de Presentaci\u00f3n de Informe Anual LOTAIP a\u00f1o 2021 ACTA DE ASAMBLEA DE PARTICIPACION CIUDADANA EN LA PRIORIZACION DEL GASTO 2021 Calculo definitivo de ingresos y limite de gastos 2021 MECANISMOS DE CONTROL ReporteInformeGad2021 SRI &#8211; Servicios en L\u00ednea RENDICI\u00d3N DE CUENTAS \u00a0\u00a0 Fase 1: Organizaci\u00f3n interna institucional 1. La asamblea local presenta los temas [&hellip;]<\/p>\n","protected":false},"author":2,"featured_media":0,"parent":0,"menu_order":0,"comment_status":"closed","ping_status":"closed","template":"","meta":{"footnotes":""},"class_list":["post-1664","page","type-page","status-publish","hentry"],"yoast_head":"<!-- This site is optimized with the Yoast SEO plugin v27.5 - https:\/\/yoast.com\/product\/yoast-seo-wordpress\/ -->\n<title>Rendici\u00f3n de Cuentas 2021 - GAD parroquial Las Pampas<\/title>\n<meta name=\"robots\" content=\"index, follow, max-snippet:-1, max-image-preview:large, max-video-preview:-1\" \/>\n<link rel=\"canonical\" href=\"https:\/\/laspampas.gob.ec\/cotopaxi\/rendicion-de-cuentas-2021\/\" \/>\n<meta property=\"og:locale\" content=\"es_ES\" \/>\n<meta property=\"og:type\" content=\"article\" \/>\n<meta property=\"og:title\" content=\"Rendici\u00f3n de Cuentas 2021 - GAD parroquial Las Pampas\" \/>\n<meta property=\"og:description\" content=\"Certificado de Presentaci\u00f3n de Informe Anual LOTAIP a\u00f1o 2021 ACTA DE ASAMBLEA DE PARTICIPACION CIUDADANA EN LA PRIORIZACION DEL GASTO 2021 Calculo definitivo de ingresos y limite de gastos 2021 MECANISMOS DE CONTROL ReporteInformeGad2021 SRI &#8211; Servicios en L\u00ednea RENDICI\u00d3N DE CUENTAS \u00a0\u00a0 Fase 1: Organizaci\u00f3n interna institucional 1. La asamblea local presenta los temas [&hellip;]\" \/>\n<meta property=\"og:url\" content=\"https:\/\/laspampas.gob.ec\/cotopaxi\/rendicion-de-cuentas-2021\/\" \/>\n<meta property=\"og:site_name\" content=\"GAD parroquial Las Pampas\" \/>\n<meta property=\"article:modified_time\" content=\"2022-05-30T21:38:41+00:00\" \/>\n<meta property=\"og:image\" content=\"https:\/\/laspampas.gob.ec\/cotopaxi\/wp-content\/uploads\/2022\/05\/WhatsApp-Image-2022-05-07-at-11.04.17-AM-550x413.jpeg\" \/>\n<meta name=\"twitter:card\" content=\"summary_large_image\" \/>\n<meta name=\"twitter:label1\" content=\"Tiempo de lectura\" \/>\n\t<meta name=\"twitter:data1\" content=\"2 minutos\" \/>\n<script type=\"application\/ld+json\" class=\"yoast-schema-graph\">{\"@context\":\"https:\\\/\\\/schema.org\",\"@graph\":[{\"@type\":\"WebPage\",\"@id\":\"https:\\\/\\\/laspampas.gob.ec\\\/cotopaxi\\\/rendicion-de-cuentas-2021\\\/\",\"url\":\"https:\\\/\\\/laspampas.gob.ec\\\/cotopaxi\\\/rendicion-de-cuentas-2021\\\/\",\"name\":\"Rendici\u00f3n de Cuentas 2021 - GAD parroquial Las Pampas\",\"isPartOf\":{\"@id\":\"https:\\\/\\\/laspampas.gob.ec\\\/cotopaxi\\\/#website\"},\"primaryImageOfPage\":{\"@id\":\"https:\\\/\\\/laspampas.gob.ec\\\/cotopaxi\\\/rendicion-de-cuentas-2021\\\/#primaryimage\"},\"image\":{\"@id\":\"https:\\\/\\\/laspampas.gob.ec\\\/cotopaxi\\\/rendicion-de-cuentas-2021\\\/#primaryimage\"},\"thumbnailUrl\":\"https:\\\/\\\/laspampas.gob.ec\\\/cotopaxi\\\/wp-content\\\/uploads\\\/2022\\\/05\\\/WhatsApp-Image-2022-05-07-at-11.04.17-AM-550x413.jpeg\",\"datePublished\":\"2021-01-05T00:45:52+00:00\",\"dateModified\":\"2022-05-30T21:38:41+00:00\",\"breadcrumb\":{\"@id\":\"https:\\\/\\\/laspampas.gob.ec\\\/cotopaxi\\\/rendicion-de-cuentas-2021\\\/#breadcrumb\"},\"inLanguage\":\"es\",\"potentialAction\":[{\"@type\":\"ReadAction\",\"target\":[\"https:\\\/\\\/laspampas.gob.ec\\\/cotopaxi\\\/rendicion-de-cuentas-2021\\\/\"]}]},{\"@type\":\"ImageObject\",\"inLanguage\":\"es\",\"@id\":\"https:\\\/\\\/laspampas.gob.ec\\\/cotopaxi\\\/rendicion-de-cuentas-2021\\\/#primaryimage\",\"url\":\"https:\\\/\\\/laspampas.gob.ec\\\/cotopaxi\\\/wp-content\\\/uploads\\\/2022\\\/05\\\/WhatsApp-Image-2022-05-07-at-11.04.17-AM.jpeg\",\"contentUrl\":\"https:\\\/\\\/laspampas.gob.ec\\\/cotopaxi\\\/wp-content\\\/uploads\\\/2022\\\/05\\\/WhatsApp-Image-2022-05-07-at-11.04.17-AM.jpeg\",\"width\":1280,\"height\":960},{\"@type\":\"BreadcrumbList\",\"@id\":\"https:\\\/\\\/laspampas.gob.ec\\\/cotopaxi\\\/rendicion-de-cuentas-2021\\\/#breadcrumb\",\"itemListElement\":[{\"@type\":\"ListItem\",\"position\":1,\"name\":\"Home\",\"item\":\"https:\\\/\\\/laspampas.gob.ec\\\/cotopaxi\\\/\"},{\"@type\":\"ListItem\",\"position\":2,\"name\":\"Rendici\u00f3n de Cuentas 2021\"}]},{\"@type\":\"WebSite\",\"@id\":\"https:\\\/\\\/laspampas.gob.ec\\\/cotopaxi\\\/#website\",\"url\":\"https:\\\/\\\/laspampas.gob.ec\\\/cotopaxi\\\/\",\"name\":\"GAD Parroquial de las Pampas\",\"description\":\"Sitio Oficial del GAD Parroquial de Palo Quemado Cotopaxi\",\"publisher\":{\"@id\":\"https:\\\/\\\/laspampas.gob.ec\\\/cotopaxi\\\/#organization\"},\"potentialAction\":[{\"@type\":\"SearchAction\",\"target\":{\"@type\":\"EntryPoint\",\"urlTemplate\":\"https:\\\/\\\/laspampas.gob.ec\\\/cotopaxi\\\/?s={search_term_string}\"},\"query-input\":{\"@type\":\"PropertyValueSpecification\",\"valueRequired\":true,\"valueName\":\"search_term_string\"}}],\"inLanguage\":\"es\"},{\"@type\":\"Organization\",\"@id\":\"https:\\\/\\\/laspampas.gob.ec\\\/cotopaxi\\\/#organization\",\"name\":\"GAD Parroquial de Las Pampas\",\"url\":\"https:\\\/\\\/laspampas.gob.ec\\\/cotopaxi\\\/\",\"logo\":{\"@type\":\"ImageObject\",\"inLanguage\":\"es\",\"@id\":\"https:\\\/\\\/laspampas.gob.ec\\\/cotopaxi\\\/#\\\/schema\\\/logo\\\/image\\\/\",\"url\":\"https:\\\/\\\/laspampas.gob.ec\\\/cotopaxi\\\/wp-content\\\/uploads\\\/2020\\\/06\\\/logoFooter.png\",\"contentUrl\":\"https:\\\/\\\/laspampas.gob.ec\\\/cotopaxi\\\/wp-content\\\/uploads\\\/2020\\\/06\\\/logoFooter.png\",\"width\":160,\"height\":156,\"caption\":\"GAD Parroquial de Las Pampas\"},\"image\":{\"@id\":\"https:\\\/\\\/laspampas.gob.ec\\\/cotopaxi\\\/#\\\/schema\\\/logo\\\/image\\\/\"}}]}<\/script>\n<!-- \/ Yoast SEO plugin. -->","yoast_head_json":{"title":"Rendici\u00f3n de Cuentas 2021 - GAD parroquial Las Pampas","robots":{"index":"index","follow":"follow","max-snippet":"max-snippet:-1","max-image-preview":"max-image-preview:large","max-video-preview":"max-video-preview:-1"},"canonical":"https:\/\/laspampas.gob.ec\/cotopaxi\/rendicion-de-cuentas-2021\/","og_locale":"es_ES","og_type":"article","og_title":"Rendici\u00f3n de Cuentas 2021 - GAD parroquial Las Pampas","og_description":"Certificado de Presentaci\u00f3n de Informe Anual LOTAIP a\u00f1o 2021 ACTA DE ASAMBLEA DE PARTICIPACION CIUDADANA EN LA PRIORIZACION DEL GASTO 2021 Calculo definitivo de ingresos y limite de gastos 2021 MECANISMOS DE CONTROL ReporteInformeGad2021 SRI &#8211; Servicios en L\u00ednea RENDICI\u00d3N DE CUENTAS \u00a0\u00a0 Fase 1: Organizaci\u00f3n interna institucional 1. La asamblea local presenta los temas [&hellip;]","og_url":"https:\/\/laspampas.gob.ec\/cotopaxi\/rendicion-de-cuentas-2021\/","og_site_name":"GAD parroquial Las Pampas","article_modified_time":"2022-05-30T21:38:41+00:00","og_image":[{"url":"https:\/\/laspampas.gob.ec\/cotopaxi\/wp-content\/uploads\/2022\/05\/WhatsApp-Image-2022-05-07-at-11.04.17-AM-550x413.jpeg","type":"","width":"","height":""}],"twitter_card":"summary_large_image","twitter_misc":{"Tiempo de lectura":"2 minutos"},"schema":{"@context":"https:\/\/schema.org","@graph":[{"@type":"WebPage","@id":"https:\/\/laspampas.gob.ec\/cotopaxi\/rendicion-de-cuentas-2021\/","url":"https:\/\/laspampas.gob.ec\/cotopaxi\/rendicion-de-cuentas-2021\/","name":"Rendici\u00f3n de Cuentas 2021 - GAD parroquial Las Pampas","isPartOf":{"@id":"https:\/\/laspampas.gob.ec\/cotopaxi\/#website"},"primaryImageOfPage":{"@id":"https:\/\/laspampas.gob.ec\/cotopaxi\/rendicion-de-cuentas-2021\/#primaryimage"},"image":{"@id":"https:\/\/laspampas.gob.ec\/cotopaxi\/rendicion-de-cuentas-2021\/#primaryimage"},"thumbnailUrl":"https:\/\/laspampas.gob.ec\/cotopaxi\/wp-content\/uploads\/2022\/05\/WhatsApp-Image-2022-05-07-at-11.04.17-AM-550x413.jpeg","datePublished":"2021-01-05T00:45:52+00:00","dateModified":"2022-05-30T21:38:41+00:00","breadcrumb":{"@id":"https:\/\/laspampas.gob.ec\/cotopaxi\/rendicion-de-cuentas-2021\/#breadcrumb"},"inLanguage":"es","potentialAction":[{"@type":"ReadAction","target":["https:\/\/laspampas.gob.ec\/cotopaxi\/rendicion-de-cuentas-2021\/"]}]},{"@type":"ImageObject","inLanguage":"es","@id":"https:\/\/laspampas.gob.ec\/cotopaxi\/rendicion-de-cuentas-2021\/#primaryimage","url":"https:\/\/laspampas.gob.ec\/cotopaxi\/wp-content\/uploads\/2022\/05\/WhatsApp-Image-2022-05-07-at-11.04.17-AM.jpeg","contentUrl":"https:\/\/laspampas.gob.ec\/cotopaxi\/wp-content\/uploads\/2022\/05\/WhatsApp-Image-2022-05-07-at-11.04.17-AM.jpeg","width":1280,"height":960},{"@type":"BreadcrumbList","@id":"https:\/\/laspampas.gob.ec\/cotopaxi\/rendicion-de-cuentas-2021\/#breadcrumb","itemListElement":[{"@type":"ListItem","position":1,"name":"Home","item":"https:\/\/laspampas.gob.ec\/cotopaxi\/"},{"@type":"ListItem","position":2,"name":"Rendici\u00f3n de Cuentas 2021"}]},{"@type":"WebSite","@id":"https:\/\/laspampas.gob.ec\/cotopaxi\/#website","url":"https:\/\/laspampas.gob.ec\/cotopaxi\/","name":"GAD Parroquial de las Pampas","description":"Sitio Oficial del GAD Parroquial de Palo Quemado Cotopaxi","publisher":{"@id":"https:\/\/laspampas.gob.ec\/cotopaxi\/#organization"},"potentialAction":[{"@type":"SearchAction","target":{"@type":"EntryPoint","urlTemplate":"https:\/\/laspampas.gob.ec\/cotopaxi\/?s={search_term_string}"},"query-input":{"@type":"PropertyValueSpecification","valueRequired":true,"valueName":"search_term_string"}}],"inLanguage":"es"},{"@type":"Organization","@id":"https:\/\/laspampas.gob.ec\/cotopaxi\/#organization","name":"GAD Parroquial de Las Pampas","url":"https:\/\/laspampas.gob.ec\/cotopaxi\/","logo":{"@type":"ImageObject","inLanguage":"es","@id":"https:\/\/laspampas.gob.ec\/cotopaxi\/#\/schema\/logo\/image\/","url":"https:\/\/laspampas.gob.ec\/cotopaxi\/wp-content\/uploads\/2020\/06\/logoFooter.png","contentUrl":"https:\/\/laspampas.gob.ec\/cotopaxi\/wp-content\/uploads\/2020\/06\/logoFooter.png","width":160,"height":156,"caption":"GAD Parroquial de Las Pampas"},"image":{"@id":"https:\/\/laspampas.gob.ec\/cotopaxi\/#\/schema\/logo\/image\/"}}]}},"_links":{"self":[{"href":"https:\/\/laspampas.gob.ec\/cotopaxi\/wp-json\/wp\/v2\/pages\/1664","targetHints":{"allow":["GET"]}}],"collection":[{"href":"https:\/\/laspampas.gob.ec\/cotopaxi\/wp-json\/wp\/v2\/pages"}],"about":[{"href":"https:\/\/laspampas.gob.ec\/cotopaxi\/wp-json\/wp\/v2\/types\/page"}],"author":[{"embeddable":true,"href":"https:\/\/laspampas.gob.ec\/cotopaxi\/wp-json\/wp\/v2\/users\/2"}],"replies":[{"embeddable":true,"href":"https:\/\/laspampas.gob.ec\/cotopaxi\/wp-json\/wp\/v2\/comments?post=1664"}],"version-history":[{"count":28,"href":"https:\/\/laspampas.gob.ec\/cotopaxi\/wp-json\/wp\/v2\/pages\/1664\/revisions"}],"predecessor-version":[{"id":2083,"href":"https:\/\/laspampas.gob.ec\/cotopaxi\/wp-json\/wp\/v2\/pages\/1664\/revisions\/2083"}],"wp:attachment":[{"href":"https:\/\/laspampas.gob.ec\/cotopaxi\/wp-json\/wp\/v2\/media?parent=1664"}],"curies":[{"name":"wp","href":"https:\/\/api.w.org\/{rel}","templated":true}]}}